{"id":27134,"date":"2024-09-09T13:22:36","date_gmt":"2024-09-09T13:22:36","guid":{"rendered":"https:\/\/cawebtechnologies.com\/works\/shaycompany\/shop\/"},"modified":"2025-01-28T17:39:13","modified_gmt":"2025-01-28T17:39:13","slug":"all-products","status":"publish","type":"page","link":"https:\/\/magnesiumbodylotions.com\/spanish\/all-products\/","title":{"rendered":"Nuestros Productos"},"content":{"rendered":"<div class=\"col-md-9 col-lg-9 col-12\">\n<p>Nuestras lociones y velas han sido fabricadas con los ingredientes m\u00e1s libres de toxinas. Como dije anteriormente, abogo por una mejor calidad de vida, ya sea cuidando nuestra piel o siendo conscientes del aire que respiramos. Nuestras velas arom\u00e1ticas est\u00e1n dise\u00f1adas para quienes gustan de lo simple, limpio y con presentaciones delicadas. Nuestras lociones traer\u00e1n relajaci\u00f3n y ayudar\u00e1n con el dolor de las articulaciones, la inflamaci\u00f3n y ayudar\u00e1n con la artritis. Espero que mis productos le brinden una experiencia calmante y relajante para mejorar su calidad de vida.<\/p>\n<\/div>\n<div class=\"col-md-3 col-lg-3 col-12\"><img loading=\"lazy\" decoding=\"async\" class=\"alignright wp-image-27350 size-full\" src=\"https:\/\/magnesiumbodylotions.com\/spanish\/wp-content\/uploads\/2024\/12\/WhatsApp-Image-2024-12-11-at-12.56.35_63a139b3-e1733957642558.jpg\" alt=\"\" width=\"574\" height=\"431\" \/><\/div>\n","protected":false},"excerpt":{"rendered":"<p>Nuestras lociones y velas han sido fabricadas con los ingredientes m\u00e1s libres de toxinas. Como dije anteriormente, abogo por una mejor calidad de vida, ya sea cuidando nuestra piel o siendo conscientes del aire que respiramos. Nuestras velas arom\u00e1ticas est\u00e1n dise\u00f1adas para quienes gustan de lo simple, limpio y con presentaciones delicadas. Nuestras lociones traer\u00e1n [&hellip;]<\/p>\n","protected":false},"author":1,"featured_media":27452,"parent":0,"menu_order":0,"comment_status":"closed","ping_status":"closed","template":"category-product.php","meta":{"footnotes":""},"class_list":["post-27134","page","type-page","status-publish","has-post-thumbnail","hentry"],"yoast_head":"<!-- This site is optimized with the Yoast SEO plugin v23.7 - https:\/\/yoast.com\/wordpress\/plugins\/seo\/ -->\n<title>Nuestros Productos - Crema Corporal de Magnesio - D\u2019Fravela<\/title>\n<meta name=\"robots\" content=\"noindex, follow, max-snippet:-1, max-image-preview:large, max-video-preview:-1\" \/>\n<meta property=\"og:locale\" content=\"en_US\" \/>\n<meta property=\"og:type\" content=\"article\" \/>\n<meta property=\"og:title\" content=\"Nuestros Productos - Crema Corporal de Magnesio - D\u2019Fravela\" \/>\n<meta property=\"og:description\" content=\"Nuestras lociones y velas han sido fabricadas con los ingredientes m\u00e1s libres de toxinas. Como dije anteriormente, abogo por una mejor calidad de vida, ya sea cuidando nuestra piel o siendo conscientes del aire que respiramos. Nuestras velas arom\u00e1ticas est\u00e1n dise\u00f1adas para quienes gustan de lo simple, limpio y con presentaciones delicadas. Nuestras lociones traer\u00e1n [&hellip;]\" \/>\n<meta property=\"og:url\" content=\"https:\/\/magnesiumbodylotions.com\/spanish\/all-products\/\" \/>\n<meta property=\"og:site_name\" content=\"Crema Corporal de Magnesio - D\u2019Fravela\" \/>\n<meta property=\"article:modified_time\" content=\"2025-01-28T17:39:13+00:00\" \/>\n<meta property=\"og:image\" content=\"https:\/\/magnesiumbodylotions.com\/spanish\/wp-content\/uploads\/2024\/12\/WhatsApp-Image-2024-12-12-at-18.34.29_f196993d-e1734059231928.jpg\" \/>\n\t<meta property=\"og:image:width\" content=\"563\" \/>\n\t<meta property=\"og:image:height\" content=\"471\" \/>\n\t<meta property=\"og:image:type\" content=\"image\/jpeg\" \/>\n<meta name=\"twitter:card\" content=\"summary_large_image\" \/>\n<meta name=\"twitter:label1\" content=\"Est. reading time\" \/>\n\t<meta name=\"twitter:data1\" content=\"1 minute\" \/>\n<script type=\"application\/ld+json\" class=\"yoast-schema-graph\">{\"@context\":\"https:\/\/schema.org\",\"@graph\":[{\"@type\":\"WebPage\",\"@id\":\"https:\/\/magnesiumbodylotions.com\/spanish\/all-products\/\",\"url\":\"https:\/\/magnesiumbodylotions.com\/spanish\/all-products\/\",\"name\":\"Nuestros Productos - Crema Corporal de Magnesio - D\u2019Fravela\",\"isPartOf\":{\"@id\":\"https:\/\/magnesiumbodylotions.com\/spanish\/#website\"},\"primaryImageOfPage\":{\"@id\":\"https:\/\/magnesiumbodylotions.com\/spanish\/all-products\/#primaryimage\"},\"image\":{\"@id\":\"https:\/\/magnesiumbodylotions.com\/spanish\/all-products\/#primaryimage\"},\"thumbnailUrl\":\"https:\/\/magnesiumbodylotions.com\/spanish\/wp-content\/uploads\/2024\/12\/WhatsApp-Image-2024-12-12-at-18.34.29_f196993d-e1734059231928.jpg\",\"datePublished\":\"2024-09-09T13:22:36+00:00\",\"dateModified\":\"2025-01-28T17:39:13+00:00\",\"breadcrumb\":{\"@id\":\"https:\/\/magnesiumbodylotions.com\/spanish\/all-products\/#breadcrumb\"},\"inLanguage\":\"en-US\",\"potentialAction\":[{\"@type\":\"ReadAction\",\"target\":[\"https:\/\/magnesiumbodylotions.com\/spanish\/all-products\/\"]}]},{\"@type\":\"ImageObject\",\"inLanguage\":\"en-US\",\"@id\":\"https:\/\/magnesiumbodylotions.com\/spanish\/all-products\/#primaryimage\",\"url\":\"https:\/\/magnesiumbodylotions.com\/spanish\/wp-content\/uploads\/2024\/12\/WhatsApp-Image-2024-12-12-at-18.34.29_f196993d-e1734059231928.jpg\",\"contentUrl\":\"https:\/\/magnesiumbodylotions.com\/spanish\/wp-content\/uploads\/2024\/12\/WhatsApp-Image-2024-12-12-at-18.34.29_f196993d-e1734059231928.jpg\",\"width\":563,\"height\":471},{\"@type\":\"BreadcrumbList\",\"@id\":\"https:\/\/magnesiumbodylotions.com\/spanish\/all-products\/#breadcrumb\",\"itemListElement\":[{\"@type\":\"ListItem\",\"position\":1,\"name\":\"Home\",\"item\":\"https:\/\/magnesiumbodylotions.com\/spanish\/\"},{\"@type\":\"ListItem\",\"position\":2,\"name\":\"Nuestros Productos\"}]},{\"@type\":\"WebSite\",\"@id\":\"https:\/\/magnesiumbodylotions.com\/spanish\/#website\",\"url\":\"https:\/\/magnesiumbodylotions.com\/spanish\/\",\"name\":\"Crema Corporal de Magnesio - D\u2019Fravela\",\"description\":\"Crema Corporal de Magnesio - D\u2019Fravela\",\"publisher\":{\"@id\":\"https:\/\/magnesiumbodylotions.com\/spanish\/#organization\"},\"potentialAction\":[{\"@type\":\"SearchAction\",\"target\":{\"@type\":\"EntryPoint\",\"urlTemplate\":\"https:\/\/magnesiumbodylotions.com\/spanish\/?s={search_term_string}\"},\"query-input\":{\"@type\":\"PropertyValueSpecification\",\"valueRequired\":true,\"valueName\":\"search_term_string\"}}],\"inLanguage\":\"en-US\"},{\"@type\":\"Organization\",\"@id\":\"https:\/\/magnesiumbodylotions.com\/spanish\/#organization\",\"name\":\"Crema Corporal de Magnesio - D\u2019Fravela\",\"url\":\"https:\/\/magnesiumbodylotions.com\/spanish\/\",\"logo\":{\"@type\":\"ImageObject\",\"inLanguage\":\"en-US\",\"@id\":\"https:\/\/magnesiumbodylotions.com\/spanish\/#\/schema\/logo\/image\/\",\"url\":\"https:\/\/magnesiumbodylotions.com\/spanish\/wp-content\/uploads\/2024\/09\/Shay-Co-logo-on-white-with-dark-variations-1ax.png\",\"contentUrl\":\"https:\/\/magnesiumbodylotions.com\/spanish\/wp-content\/uploads\/2024\/09\/Shay-Co-logo-on-white-with-dark-variations-1ax.png\",\"width\":198,\"height\":116,\"caption\":\"Crema Corporal de Magnesio - D\u2019Fravela\"},\"image\":{\"@id\":\"https:\/\/magnesiumbodylotions.com\/spanish\/#\/schema\/logo\/image\/\"}}]}<\/script>\n<!-- \/ Yoast SEO plugin. -->","yoast_head_json":{"title":"Nuestros Productos - Crema Corporal de Magnesio - D\u2019Fravela","robots":{"index":"noindex","follow":"follow","max-snippet":"max-snippet:-1","max-image-preview":"max-image-preview:large","max-video-preview":"max-video-preview:-1"},"og_locale":"en_US","og_type":"article","og_title":"Nuestros Productos - Crema Corporal de Magnesio - D\u2019Fravela","og_description":"Nuestras lociones y velas han sido fabricadas con los ingredientes m\u00e1s libres de toxinas. Como dije anteriormente, abogo por una mejor calidad de vida, ya sea cuidando nuestra piel o siendo conscientes del aire que respiramos. Nuestras velas arom\u00e1ticas est\u00e1n dise\u00f1adas para quienes gustan de lo simple, limpio y con presentaciones delicadas. Nuestras lociones traer\u00e1n [&hellip;]","og_url":"https:\/\/magnesiumbodylotions.com\/spanish\/all-products\/","og_site_name":"Crema Corporal de Magnesio - D\u2019Fravela","article_modified_time":"2025-01-28T17:39:13+00:00","og_image":[{"width":563,"height":471,"url":"https:\/\/magnesiumbodylotions.com\/spanish\/wp-content\/uploads\/2024\/12\/WhatsApp-Image-2024-12-12-at-18.34.29_f196993d-e1734059231928.jpg","type":"image\/jpeg"}],"twitter_card":"summary_large_image","twitter_misc":{"Est. reading time":"1 minute"},"schema":{"@context":"https:\/\/schema.org","@graph":[{"@type":"WebPage","@id":"https:\/\/magnesiumbodylotions.com\/spanish\/all-products\/","url":"https:\/\/magnesiumbodylotions.com\/spanish\/all-products\/","name":"Nuestros Productos - Crema Corporal de Magnesio - D\u2019Fravela","isPartOf":{"@id":"https:\/\/magnesiumbodylotions.com\/spanish\/#website"},"primaryImageOfPage":{"@id":"https:\/\/magnesiumbodylotions.com\/spanish\/all-products\/#primaryimage"},"image":{"@id":"https:\/\/magnesiumbodylotions.com\/spanish\/all-products\/#primaryimage"},"thumbnailUrl":"https:\/\/magnesiumbodylotions.com\/spanish\/wp-content\/uploads\/2024\/12\/WhatsApp-Image-2024-12-12-at-18.34.29_f196993d-e1734059231928.jpg","datePublished":"2024-09-09T13:22:36+00:00","dateModified":"2025-01-28T17:39:13+00:00","breadcrumb":{"@id":"https:\/\/magnesiumbodylotions.com\/spanish\/all-products\/#breadcrumb"},"inLanguage":"en-US","potentialAction":[{"@type":"ReadAction","target":["https:\/\/magnesiumbodylotions.com\/spanish\/all-products\/"]}]},{"@type":"ImageObject","inLanguage":"en-US","@id":"https:\/\/magnesiumbodylotions.com\/spanish\/all-products\/#primaryimage","url":"https:\/\/magnesiumbodylotions.com\/spanish\/wp-content\/uploads\/2024\/12\/WhatsApp-Image-2024-12-12-at-18.34.29_f196993d-e1734059231928.jpg","contentUrl":"https:\/\/magnesiumbodylotions.com\/spanish\/wp-content\/uploads\/2024\/12\/WhatsApp-Image-2024-12-12-at-18.34.29_f196993d-e1734059231928.jpg","width":563,"height":471},{"@type":"BreadcrumbList","@id":"https:\/\/magnesiumbodylotions.com\/spanish\/all-products\/#breadcrumb","itemListElement":[{"@type":"ListItem","position":1,"name":"Home","item":"https:\/\/magnesiumbodylotions.com\/spanish\/"},{"@type":"ListItem","position":2,"name":"Nuestros Productos"}]},{"@type":"WebSite","@id":"https:\/\/magnesiumbodylotions.com\/spanish\/#website","url":"https:\/\/magnesiumbodylotions.com\/spanish\/","name":"Crema Corporal de Magnesio - D\u2019Fravela","description":"Crema Corporal de Magnesio - D\u2019Fravela","publisher":{"@id":"https:\/\/magnesiumbodylotions.com\/spanish\/#organization"},"potentialAction":[{"@type":"SearchAction","target":{"@type":"EntryPoint","urlTemplate":"https:\/\/magnesiumbodylotions.com\/spanish\/?s={search_term_string}"},"query-input":{"@type":"PropertyValueSpecification","valueRequired":true,"valueName":"search_term_string"}}],"inLanguage":"en-US"},{"@type":"Organization","@id":"https:\/\/magnesiumbodylotions.com\/spanish\/#organization","name":"Crema Corporal de Magnesio - D\u2019Fravela","url":"https:\/\/magnesiumbodylotions.com\/spanish\/","logo":{"@type":"ImageObject","inLanguage":"en-US","@id":"https:\/\/magnesiumbodylotions.com\/spanish\/#\/schema\/logo\/image\/","url":"https:\/\/magnesiumbodylotions.com\/spanish\/wp-content\/uploads\/2024\/09\/Shay-Co-logo-on-white-with-dark-variations-1ax.png","contentUrl":"https:\/\/magnesiumbodylotions.com\/spanish\/wp-content\/uploads\/2024\/09\/Shay-Co-logo-on-white-with-dark-variations-1ax.png","width":198,"height":116,"caption":"Crema Corporal de Magnesio - D\u2019Fravela"},"image":{"@id":"https:\/\/magnesiumbodylotions.com\/spanish\/#\/schema\/logo\/image\/"}}]}},"_links":{"self":[{"href":"https:\/\/magnesiumbodylotions.com\/spanish\/wp-json\/wp\/v2\/pages\/27134","targetHints":{"allow":["GET"]}}],"collection":[{"href":"https:\/\/magnesiumbodylotions.com\/spanish\/wp-json\/wp\/v2\/pages"}],"about":[{"href":"https:\/\/magnesiumbodylotions.com\/spanish\/wp-json\/wp\/v2\/types\/page"}],"author":[{"embeddable":true,"href":"https:\/\/magnesiumbodylotions.com\/spanish\/wp-json\/wp\/v2\/users\/1"}],"replies":[{"embeddable":true,"href":"https:\/\/magnesiumbodylotions.com\/spanish\/wp-json\/wp\/v2\/comments?post=27134"}],"version-history":[{"count":23,"href":"https:\/\/magnesiumbodylotions.com\/spanish\/wp-json\/wp\/v2\/pages\/27134\/revisions"}],"predecessor-version":[{"id":27730,"href":"https:\/\/magnesiumbodylotions.com\/spanish\/wp-json\/wp\/v2\/pages\/27134\/revisions\/27730"}],"wp:featuredmedia":[{"embeddable":true,"href":"https:\/\/magnesiumbodylotions.com\/spanish\/wp-json\/wp\/v2\/media\/27452"}],"wp:attachment":[{"href":"https:\/\/magnesiumbodylotions.com\/spanish\/wp-json\/wp\/v2\/media?parent=27134"}],"curies":[{"name":"wp","href":"https:\/\/api.w.org\/{rel}","templated":true}]}}