{"id":27476,"date":"2024-12-14T18:40:23","date_gmt":"2024-12-14T18:40:23","guid":{"rendered":"https:\/\/cawebtechnologies.com\/works\/shaycompany\/?page_id=27476"},"modified":"2025-01-13T19:42:48","modified_gmt":"2025-01-13T19:42:48","slug":"return-policy","status":"publish","type":"page","link":"https:\/\/magnesiumbodylotions.com\/spanish\/return-policy\/","title":{"rendered":"Pol\u00edtica de Devoluciones"},"content":{"rendered":"<p><strong>T\u00c9RMINOS DE SERVICIO &#8211; INFORMACI\u00d3N GENERAL<\/strong><br \/>\nEste sitio web es administrado por Magnesium Body Lotions DIV, una divisi\u00f3n de D\u2019Fravela. En todo el sitio, los t\u00e9rminos \u201cnosotros\u201d, \u201cnos\u201d y \u201cnuestro\u201d se refieren a D\u2019Fravela. El sitio web ofrece informaci\u00f3n, herramientas y servicios a los usuarios, siempre que acepten los t\u00e9rminos, condiciones, pol\u00edticas y avisos que se proporcionan aqu\u00ed.<br \/>\nAl acceder a este sitio web y\/o comprar productos, usted participa en nuestro \u201cServicio\u201d y acepta cumplir con estos T\u00e9rminos de servicio (\u201cT\u00e9rminos\u201d), incluidos los t\u00e9rminos o pol\u00edticas adicionales a los que se hace referencia o se vinculan en este documento. Estos T\u00e9rminos se aplican a todos los usuarios del sitio, incluidos navegadores, proveedores, clientes, comerciantes y colaboradores.<br \/>\nLea estos T\u00e9rminos detenidamente antes de usar el sitio web. Al acceder a cualquier parte del sitio, usted acepta estos T\u00e9rminos. Si no est\u00e1 de acuerdo con alguna parte de estos T\u00e9rminos, no debe acceder ni usar el sitio web. La aceptaci\u00f3n est\u00e1 expresamente limitada a estos T\u00e9rminos si se consideran una oferta.<br \/>\nCualquier nueva caracter\u00edstica o herramienta agregada a la tienda en l\u00ednea tambi\u00e9n se regir\u00e1 por estos T\u00e9rminos. Puede revisar la \u00faltima versi\u00f3n de los T\u00e9rminos en cualquier momento en esta p\u00e1gina. Nos reservamos el derecho de actualizar o modificar los T\u00e9rminos mediante la publicaci\u00f3n de cambios en el sitio web. Es su responsabilidad revisar los cambios peri\u00f3dicamente. El uso continuo del sitio despu\u00e9s de las actualizaciones significa que acepta los T\u00e9rminos revisados.<br \/>\nNuestra tienda en l\u00ednea est\u00e1 alojada por WP Engine, que proporciona la plataforma de comercio electr\u00f3nico que nos permite vender nuestros productos y servicios.<\/p>\n<p><strong>T\u00c9RMINOS DE LA TIENDA EN L\u00cdNEA<\/strong><br \/>\nAl aceptar estos T\u00e9rminos, usted declara que es mayor de edad en su regi\u00f3n o que tiene el consentimiento de un tutor legal para permitir que sus dependientes menores usen este sitio. No puede usar nuestros productos con fines ilegales ni violar las leyes locales mientras usa el Servicio.<br \/>\nNo debe transmitir virus, gusanos o cualquier c\u00f3digo destructivo. Cualquier violaci\u00f3n de estos T\u00e9rminos resultar\u00e1 en la terminaci\u00f3n inmediata de su acceso al Servicio.<\/p>\n<p><strong>CONDICIONES GENERALES<\/strong><br \/>\nNos reservamos el derecho de rechazar el servicio a cualquier persona por cualquier motivo y en cualquier momento.<br \/>\nUsted reconoce que su contenido (excluyendo la informaci\u00f3n de la tarjeta de cr\u00e9dito) puede ser transferido sin cifrar a trav\u00e9s de redes y adaptado a los requisitos t\u00e9cnicos de diferentes sistemas. Los datos de la tarjeta de cr\u00e9dito siempre est\u00e1n cifrados durante las transferencias.<br \/>\nUsted acepta no reproducir, duplicar, vender o explotar ninguna parte del Servicio, el acceso a \u00e9l o el uso del contacto disponible a trav\u00e9s del Servicio sin permiso escrito expl\u00edcito. Los t\u00edtulos de encabezado en este acuerdo son solo para conveniencia y no afectan la interpretaci\u00f3n de estos T\u00e9rminos.<\/p>\n<p><strong>EXACTITUD Y OPORTUNIDAD DE LA INFORMACI\u00d3N<\/strong><br \/>\nNo somos responsables de la informaci\u00f3n inexacta, incompleta u obsoleta en este sitio web. El contenido es solo para fines de informaci\u00f3n general y no debe confiarse \u00fanicamente en \u00e9l para tomar decisiones. La informaci\u00f3n hist\u00f3rica, proporcionada como referencia, puede no estar actualizada. Nos reservamos el derecho de modificar el contenido del sitio, pero no estamos obligados a actualizarlo. Es su responsabilidad monitorear los cambios.<\/p>\n<p><strong>MODIFICACIONES AL SERVICIO Y PRECIOS<\/strong><br \/>\nLos precios de los productos est\u00e1n sujetos a cambios sin previo aviso.<br \/>\nNos reservamos el derecho de modificar o discontinuar el Servicio (o cualquier parte de \u00e9l) en cualquier momento sin previo aviso. No nos hacemos responsables de ninguna modificaci\u00f3n, cambio de precio, suspensi\u00f3n o discontinuaci\u00f3n del Servicio.<\/p>\n<p><strong>PRODUCTOS O SERVICIOS<\/strong><br \/>\nEs posible que ciertos productos o servicios solo est\u00e9n disponibles en l\u00ednea y tengan cantidades limitadas. Est\u00e1n sujetos a devoluci\u00f3n o cambio seg\u00fan nuestra Pol\u00edtica de devoluciones.<br \/>\nNos esforzamos por representar con precisi\u00f3n los colores y las im\u00e1genes de los productos, pero no podemos garantizar la precisi\u00f3n de su monitor.<br \/>\nNos reservamos el derecho de limitar las ventas por persona, regi\u00f3n o jurisdicci\u00f3n y de discontinuar cualquier producto o servicio a nuestra discreci\u00f3n. Todas las descripciones y precios pueden cambiar en cualquier momento sin previo aviso.<br \/>\nNo garantizamos que nuestros productos, servicios o informaci\u00f3n cumplan con sus expectativas o corrijan cualquier error en el Servicio.<\/p>\n<p><strong>PRECISI\u00d3N DE LA FACTURACI\u00d3N Y LA CUENTA<\/strong><br \/>\nNos reservamos el derecho de rechazar o limitar los pedidos. Esto puede incluir restricciones en las cantidades por persona o por hogar, o cancelaciones de pedidos basadas en comportamientos sospechosos. Cualquier modificaci\u00f3n de los pedidos se comunicar\u00e1 por correo electr\u00f3nico o tel\u00e9fono utilizando los detalles proporcionados al realizar el pedido.<br \/>\nUsted acepta proporcionar informaci\u00f3n precisa y actualizada para las compras y las cuentas. Actualice r\u00e1pidamente sus datos, incluida la informaci\u00f3n de pago, para garantizar transacciones y correspondencia exitosas.<\/p>\n<p><strong>HERRAMIENTAS OPCIONALES<\/strong><br \/>\nPodemos ofrecer acceso a herramientas de terceros sin supervisi\u00f3n ni control. Estas herramientas se proporcionan &#8220;tal como est\u00e1n&#8221; y &#8220;seg\u00fan disponibilidad&#8221;, sin garant\u00edas ni responsabilidad. \u00daselas a su propia discreci\u00f3n y responsabilidad.<br \/>\nLas futuras funciones o herramientas del sitio web tambi\u00e9n estar\u00e1n sujetas a estos T\u00e9rminos.<\/p>\n<p><strong>ENLACES DE TERCEROS<\/strong><br \/>\nCiertos contenidos y servicios de nuestro sitio pueden incluir enlaces o materiales de terceros.<br \/>\nNo respaldamos ni garantizamos el contenido de terceros ni asumimos la responsabilidad por las transacciones o interacciones con estos terceros. Revise los T\u00e9rminos y condiciones.<\/p>\n","protected":false},"excerpt":{"rendered":"<p>T\u00c9RMINOS DE SERVICIO &#8211; INFORMACI\u00d3N GENERAL Este sitio web es administrado por Magnesium Body Lotions DIV, una divisi\u00f3n de D\u2019Fravela. En todo el sitio, los t\u00e9rminos \u201cnosotros\u201d, \u201cnos\u201d y \u201cnuestro\u201d se refieren a D\u2019Fravela. El sitio web ofrece informaci\u00f3n, herramientas y servicios a los usuarios, siempre que acepten los t\u00e9rminos, condiciones, pol\u00edticas y avisos que [&hellip;]<\/p>\n","protected":false},"author":1,"featured_media":0,"parent":0,"menu_order":0,"comment_status":"closed","ping_status":"closed","template":"","meta":{"footnotes":""},"class_list":["post-27476","page","type-page","status-publish","hentry"],"yoast_head":"<!-- This site is optimized with the Yoast SEO plugin v23.7 - https:\/\/yoast.com\/wordpress\/plugins\/seo\/ -->\n<title>Pol\u00edtica de Devoluciones - Crema Corporal de Magnesio - D\u2019Fravela<\/title>\n<meta name=\"robots\" content=\"noindex, follow, max-snippet:-1, max-image-preview:large, max-video-preview:-1\" \/>\n<meta property=\"og:locale\" content=\"en_US\" \/>\n<meta property=\"og:type\" content=\"article\" \/>\n<meta property=\"og:title\" content=\"Pol\u00edtica de Devoluciones - Crema Corporal de Magnesio - D\u2019Fravela\" \/>\n<meta property=\"og:description\" content=\"T\u00c9RMINOS DE SERVICIO &#8211; INFORMACI\u00d3N GENERAL Este sitio web es administrado por Magnesium Body Lotions DIV, una divisi\u00f3n de D\u2019Fravela. En todo el sitio, los t\u00e9rminos \u201cnosotros\u201d, \u201cnos\u201d y \u201cnuestro\u201d se refieren a D\u2019Fravela. El sitio web ofrece informaci\u00f3n, herramientas y servicios a los usuarios, siempre que acepten los t\u00e9rminos, condiciones, pol\u00edticas y avisos que [&hellip;]\" \/>\n<meta property=\"og:url\" content=\"https:\/\/magnesiumbodylotions.com\/spanish\/return-policy\/\" \/>\n<meta property=\"og:site_name\" content=\"Crema Corporal de Magnesio - D\u2019Fravela\" \/>\n<meta property=\"article:modified_time\" content=\"2025-01-13T19:42:48+00:00\" \/>\n<meta name=\"twitter:card\" content=\"summary_large_image\" \/>\n<meta name=\"twitter:label1\" content=\"Est. reading time\" \/>\n\t<meta name=\"twitter:data1\" content=\"4 minutes\" \/>\n<script type=\"application\/ld+json\" class=\"yoast-schema-graph\">{\"@context\":\"https:\/\/schema.org\",\"@graph\":[{\"@type\":\"WebPage\",\"@id\":\"https:\/\/magnesiumbodylotions.com\/spanish\/return-policy\/\",\"url\":\"https:\/\/magnesiumbodylotions.com\/spanish\/return-policy\/\",\"name\":\"Pol\u00edtica de Devoluciones - Crema Corporal de Magnesio - D\u2019Fravela\",\"isPartOf\":{\"@id\":\"https:\/\/magnesiumbodylotions.com\/spanish\/#website\"},\"datePublished\":\"2024-12-14T18:40:23+00:00\",\"dateModified\":\"2025-01-13T19:42:48+00:00\",\"breadcrumb\":{\"@id\":\"https:\/\/magnesiumbodylotions.com\/spanish\/return-policy\/#breadcrumb\"},\"inLanguage\":\"en-US\",\"potentialAction\":[{\"@type\":\"ReadAction\",\"target\":[\"https:\/\/magnesiumbodylotions.com\/spanish\/return-policy\/\"]}]},{\"@type\":\"BreadcrumbList\",\"@id\":\"https:\/\/magnesiumbodylotions.com\/spanish\/return-policy\/#breadcrumb\",\"itemListElement\":[{\"@type\":\"ListItem\",\"position\":1,\"name\":\"Home\",\"item\":\"https:\/\/magnesiumbodylotions.com\/spanish\/\"},{\"@type\":\"ListItem\",\"position\":2,\"name\":\"Pol\u00edtica de Devoluciones\"}]},{\"@type\":\"WebSite\",\"@id\":\"https:\/\/magnesiumbodylotions.com\/spanish\/#website\",\"url\":\"https:\/\/magnesiumbodylotions.com\/spanish\/\",\"name\":\"Crema Corporal de Magnesio - D\u2019Fravela\",\"description\":\"Crema Corporal de Magnesio - D\u2019Fravela\",\"publisher\":{\"@id\":\"https:\/\/magnesiumbodylotions.com\/spanish\/#organization\"},\"potentialAction\":[{\"@type\":\"SearchAction\",\"target\":{\"@type\":\"EntryPoint\",\"urlTemplate\":\"https:\/\/magnesiumbodylotions.com\/spanish\/?s={search_term_string}\"},\"query-input\":{\"@type\":\"PropertyValueSpecification\",\"valueRequired\":true,\"valueName\":\"search_term_string\"}}],\"inLanguage\":\"en-US\"},{\"@type\":\"Organization\",\"@id\":\"https:\/\/magnesiumbodylotions.com\/spanish\/#organization\",\"name\":\"Crema Corporal de Magnesio - D\u2019Fravela\",\"url\":\"https:\/\/magnesiumbodylotions.com\/spanish\/\",\"logo\":{\"@type\":\"ImageObject\",\"inLanguage\":\"en-US\",\"@id\":\"https:\/\/magnesiumbodylotions.com\/spanish\/#\/schema\/logo\/image\/\",\"url\":\"https:\/\/magnesiumbodylotions.com\/spanish\/wp-content\/uploads\/2024\/09\/Shay-Co-logo-on-white-with-dark-variations-1ax.png\",\"contentUrl\":\"https:\/\/magnesiumbodylotions.com\/spanish\/wp-content\/uploads\/2024\/09\/Shay-Co-logo-on-white-with-dark-variations-1ax.png\",\"width\":198,\"height\":116,\"caption\":\"Crema Corporal de Magnesio - D\u2019Fravela\"},\"image\":{\"@id\":\"https:\/\/magnesiumbodylotions.com\/spanish\/#\/schema\/logo\/image\/\"}}]}<\/script>\n<!-- \/ Yoast SEO plugin. -->","yoast_head_json":{"title":"Pol\u00edtica de Devoluciones - Crema Corporal de Magnesio - D\u2019Fravela","robots":{"index":"noindex","follow":"follow","max-snippet":"max-snippet:-1","max-image-preview":"max-image-preview:large","max-video-preview":"max-video-preview:-1"},"og_locale":"en_US","og_type":"article","og_title":"Pol\u00edtica de Devoluciones - Crema Corporal de Magnesio - D\u2019Fravela","og_description":"T\u00c9RMINOS DE SERVICIO &#8211; INFORMACI\u00d3N GENERAL Este sitio web es administrado por Magnesium Body Lotions DIV, una divisi\u00f3n de D\u2019Fravela. En todo el sitio, los t\u00e9rminos \u201cnosotros\u201d, \u201cnos\u201d y \u201cnuestro\u201d se refieren a D\u2019Fravela. El sitio web ofrece informaci\u00f3n, herramientas y servicios a los usuarios, siempre que acepten los t\u00e9rminos, condiciones, pol\u00edticas y avisos que [&hellip;]","og_url":"https:\/\/magnesiumbodylotions.com\/spanish\/return-policy\/","og_site_name":"Crema Corporal de Magnesio - D\u2019Fravela","article_modified_time":"2025-01-13T19:42:48+00:00","twitter_card":"summary_large_image","twitter_misc":{"Est. reading time":"4 minutes"},"schema":{"@context":"https:\/\/schema.org","@graph":[{"@type":"WebPage","@id":"https:\/\/magnesiumbodylotions.com\/spanish\/return-policy\/","url":"https:\/\/magnesiumbodylotions.com\/spanish\/return-policy\/","name":"Pol\u00edtica de Devoluciones - Crema Corporal de Magnesio - D\u2019Fravela","isPartOf":{"@id":"https:\/\/magnesiumbodylotions.com\/spanish\/#website"},"datePublished":"2024-12-14T18:40:23+00:00","dateModified":"2025-01-13T19:42:48+00:00","breadcrumb":{"@id":"https:\/\/magnesiumbodylotions.com\/spanish\/return-policy\/#breadcrumb"},"inLanguage":"en-US","potentialAction":[{"@type":"ReadAction","target":["https:\/\/magnesiumbodylotions.com\/spanish\/return-policy\/"]}]},{"@type":"BreadcrumbList","@id":"https:\/\/magnesiumbodylotions.com\/spanish\/return-policy\/#breadcrumb","itemListElement":[{"@type":"ListItem","position":1,"name":"Home","item":"https:\/\/magnesiumbodylotions.com\/spanish\/"},{"@type":"ListItem","position":2,"name":"Pol\u00edtica de Devoluciones"}]},{"@type":"WebSite","@id":"https:\/\/magnesiumbodylotions.com\/spanish\/#website","url":"https:\/\/magnesiumbodylotions.com\/spanish\/","name":"Crema Corporal de Magnesio - D\u2019Fravela","description":"Crema Corporal de Magnesio - D\u2019Fravela","publisher":{"@id":"https:\/\/magnesiumbodylotions.com\/spanish\/#organization"},"potentialAction":[{"@type":"SearchAction","target":{"@type":"EntryPoint","urlTemplate":"https:\/\/magnesiumbodylotions.com\/spanish\/?s={search_term_string}"},"query-input":{"@type":"PropertyValueSpecification","valueRequired":true,"valueName":"search_term_string"}}],"inLanguage":"en-US"},{"@type":"Organization","@id":"https:\/\/magnesiumbodylotions.com\/spanish\/#organization","name":"Crema Corporal de Magnesio - D\u2019Fravela","url":"https:\/\/magnesiumbodylotions.com\/spanish\/","logo":{"@type":"ImageObject","inLanguage":"en-US","@id":"https:\/\/magnesiumbodylotions.com\/spanish\/#\/schema\/logo\/image\/","url":"https:\/\/magnesiumbodylotions.com\/spanish\/wp-content\/uploads\/2024\/09\/Shay-Co-logo-on-white-with-dark-variations-1ax.png","contentUrl":"https:\/\/magnesiumbodylotions.com\/spanish\/wp-content\/uploads\/2024\/09\/Shay-Co-logo-on-white-with-dark-variations-1ax.png","width":198,"height":116,"caption":"Crema Corporal de Magnesio - D\u2019Fravela"},"image":{"@id":"https:\/\/magnesiumbodylotions.com\/spanish\/#\/schema\/logo\/image\/"}}]}},"_links":{"self":[{"href":"https:\/\/magnesiumbodylotions.com\/spanish\/wp-json\/wp\/v2\/pages\/27476","targetHints":{"allow":["GET"]}}],"collection":[{"href":"https:\/\/magnesiumbodylotions.com\/spanish\/wp-json\/wp\/v2\/pages"}],"about":[{"href":"https:\/\/magnesiumbodylotions.com\/spanish\/wp-json\/wp\/v2\/types\/page"}],"author":[{"embeddable":true,"href":"https:\/\/magnesiumbodylotions.com\/spanish\/wp-json\/wp\/v2\/users\/1"}],"replies":[{"embeddable":true,"href":"https:\/\/magnesiumbodylotions.com\/spanish\/wp-json\/wp\/v2\/comments?post=27476"}],"version-history":[{"count":9,"href":"https:\/\/magnesiumbodylotions.com\/spanish\/wp-json\/wp\/v2\/pages\/27476\/revisions"}],"predecessor-version":[{"id":27687,"href":"https:\/\/magnesiumbodylotions.com\/spanish\/wp-json\/wp\/v2\/pages\/27476\/revisions\/27687"}],"wp:attachment":[{"href":"https:\/\/magnesiumbodylotions.com\/spanish\/wp-json\/wp\/v2\/media?parent=27476"}],"curies":[{"name":"wp","href":"https:\/\/api.w.org\/{rel}","templated":true}]}}