{"id":8,"date":"2024-09-04T12:41:17","date_gmt":"2024-09-04T12:41:17","guid":{"rendered":"https:\/\/cawebtechnologies.com\/works\/shaycompany\/?page_id=8"},"modified":"2025-01-28T17:40:18","modified_gmt":"2025-01-28T17:40:18","slug":"about-us","status":"publish","type":"page","link":"https:\/\/magnesiumbodylotions.com\/spanish\/about-us\/","title":{"rendered":"Acerca de Nosotros"},"content":{"rendered":"<p>Hola, y gracias por su preferencia que para mi es muy valiosa.\u00a0 Un poquito acerca de mi.\u00a0 \u00a0Naci y crec\u00ed en Tijuana, Baja California, M\u00e9xico, y me mud\u00e9 a Chula Vista, California, en 1991. Obtuve una Licenciatura en Ingenier\u00eda Civil de la Universidad Estatal de San Diego, y me gradu\u00e9 en 2006. Despu\u00e9s de una cirug\u00eda de espalda que sali\u00f3 mal y de lidiar con dolores persistentes calambres en las piernas por la noche, me sumerg\u00ed en el mundo de las lociones corporales de magnesio. En colaboraci\u00f3n con un equipo de qu\u00edmicos y aromaterapeutas, hemos desarrollado una loci\u00f3n corporal de magnesio y una loci\u00f3n de \u00e1rnica de magnesio. Estos productos, que finalizar\u00e1n la f\u00f3rmula en 2022, han recibido cr\u00edticas sorprendentes.\u00a0 Me apasiona la salud y, como alguien que sufre de dolor de espalda, yo mismo uso estos productos para superar mis obst\u00e1culos f\u00edsicos.<\/p>\n<p>En cuanto a las velas arom\u00e1ticas, la idea surgi\u00f3 de una etapa desafiante de mi vida. Con un hijo peque\u00f1o que tiene asma, transformar nuestro hogar en un ambiente libre de toxinas fue una decisi\u00f3n necesaria y duradera. Abogo por una mejor calidad de vida, ya sea cuidando nuestra piel o siendo conscientes del aire que respiramos. Creo en rodearnos de afirmaciones positivas para ayudar a afrontar los desaf\u00edos de la vida.<\/p>\n<p>Todos los productos de este sitio son preparados, vertidos a mano y elaborados por un equipo bien organizado, desde el desembalaje y la desinfecci\u00f3n hasta el etiquetado y el env\u00edo. Cada producto tiene su propia historia.<\/p>\n<p>Nuestra empresa cree en recordarnos peri\u00f3dicamente las bendiciones que tenemos en la vida. Esperamos que nuestros productos le proporcionen una experiencia calmante y relajante.<\/p>\n","protected":false},"excerpt":{"rendered":"<p>Hola, y gracias por su preferencia que para mi es muy valiosa.\u00a0 Un poquito acerca de mi.\u00a0 \u00a0Naci y crec\u00ed en Tijuana, Baja California, M\u00e9xico, y me mud\u00e9 a Chula Vista, California, en 1991. Obtuve una Licenciatura en Ingenier\u00eda Civil de la Universidad Estatal de San Diego, y me gradu\u00e9 en 2006. Despu\u00e9s de una [&hellip;]<\/p>\n","protected":false},"author":1,"featured_media":0,"parent":0,"menu_order":0,"comment_status":"closed","ping_status":"closed","template":"","meta":{"footnotes":""},"class_list":["post-8","page","type-page","status-publish","hentry"],"yoast_head":"<!-- This site is optimized with the Yoast SEO plugin v23.7 - https:\/\/yoast.com\/wordpress\/plugins\/seo\/ -->\n<title>Acerca de Nosotros - Crema Corporal de Magnesio - D\u2019Fravela<\/title>\n<meta name=\"robots\" content=\"noindex, follow, max-snippet:-1, max-image-preview:large, max-video-preview:-1\" \/>\n<meta property=\"og:locale\" content=\"en_US\" \/>\n<meta property=\"og:type\" content=\"article\" \/>\n<meta property=\"og:title\" content=\"Acerca de Nosotros - Crema Corporal de Magnesio - D\u2019Fravela\" \/>\n<meta property=\"og:description\" content=\"Hola, y gracias por su preferencia que para mi es muy valiosa.\u00a0 Un poquito acerca de mi.\u00a0 \u00a0Naci y crec\u00ed en Tijuana, Baja California, M\u00e9xico, y me mud\u00e9 a Chula Vista, California, en 1991. Obtuve una Licenciatura en Ingenier\u00eda Civil de la Universidad Estatal de San Diego, y me gradu\u00e9 en 2006. Despu\u00e9s de una [&hellip;]\" \/>\n<meta property=\"og:url\" content=\"https:\/\/magnesiumbodylotions.com\/spanish\/about-us\/\" \/>\n<meta property=\"og:site_name\" content=\"Crema Corporal de Magnesio - D\u2019Fravela\" \/>\n<meta property=\"article:modified_time\" content=\"2025-01-28T17:40:18+00:00\" \/>\n<meta name=\"twitter:card\" content=\"summary_large_image\" \/>\n<meta name=\"twitter:label1\" content=\"Est. reading time\" \/>\n\t<meta name=\"twitter:data1\" content=\"2 minutes\" \/>\n<script type=\"application\/ld+json\" class=\"yoast-schema-graph\">{\"@context\":\"https:\/\/schema.org\",\"@graph\":[{\"@type\":\"WebPage\",\"@id\":\"https:\/\/magnesiumbodylotions.com\/spanish\/about-us\/\",\"url\":\"https:\/\/magnesiumbodylotions.com\/spanish\/about-us\/\",\"name\":\"Acerca de Nosotros - Crema Corporal de Magnesio - D\u2019Fravela\",\"isPartOf\":{\"@id\":\"https:\/\/magnesiumbodylotions.com\/spanish\/#website\"},\"datePublished\":\"2024-09-04T12:41:17+00:00\",\"dateModified\":\"2025-01-28T17:40:18+00:00\",\"breadcrumb\":{\"@id\":\"https:\/\/magnesiumbodylotions.com\/spanish\/about-us\/#breadcrumb\"},\"inLanguage\":\"en-US\",\"potentialAction\":[{\"@type\":\"ReadAction\",\"target\":[\"https:\/\/magnesiumbodylotions.com\/spanish\/about-us\/\"]}]},{\"@type\":\"BreadcrumbList\",\"@id\":\"https:\/\/magnesiumbodylotions.com\/spanish\/about-us\/#breadcrumb\",\"itemListElement\":[{\"@type\":\"ListItem\",\"position\":1,\"name\":\"Home\",\"item\":\"https:\/\/magnesiumbodylotions.com\/spanish\/\"},{\"@type\":\"ListItem\",\"position\":2,\"name\":\"Acerca de Nosotros\"}]},{\"@type\":\"WebSite\",\"@id\":\"https:\/\/magnesiumbodylotions.com\/spanish\/#website\",\"url\":\"https:\/\/magnesiumbodylotions.com\/spanish\/\",\"name\":\"Crema Corporal de Magnesio - D\u2019Fravela\",\"description\":\"Crema Corporal de Magnesio - D\u2019Fravela\",\"publisher\":{\"@id\":\"https:\/\/magnesiumbodylotions.com\/spanish\/#organization\"},\"potentialAction\":[{\"@type\":\"SearchAction\",\"target\":{\"@type\":\"EntryPoint\",\"urlTemplate\":\"https:\/\/magnesiumbodylotions.com\/spanish\/?s={search_term_string}\"},\"query-input\":{\"@type\":\"PropertyValueSpecification\",\"valueRequired\":true,\"valueName\":\"search_term_string\"}}],\"inLanguage\":\"en-US\"},{\"@type\":\"Organization\",\"@id\":\"https:\/\/magnesiumbodylotions.com\/spanish\/#organization\",\"name\":\"Crema Corporal de Magnesio - D\u2019Fravela\",\"url\":\"https:\/\/magnesiumbodylotions.com\/spanish\/\",\"logo\":{\"@type\":\"ImageObject\",\"inLanguage\":\"en-US\",\"@id\":\"https:\/\/magnesiumbodylotions.com\/spanish\/#\/schema\/logo\/image\/\",\"url\":\"https:\/\/magnesiumbodylotions.com\/spanish\/wp-content\/uploads\/2024\/09\/Shay-Co-logo-on-white-with-dark-variations-1ax.png\",\"contentUrl\":\"https:\/\/magnesiumbodylotions.com\/spanish\/wp-content\/uploads\/2024\/09\/Shay-Co-logo-on-white-with-dark-variations-1ax.png\",\"width\":198,\"height\":116,\"caption\":\"Crema Corporal de Magnesio - D\u2019Fravela\"},\"image\":{\"@id\":\"https:\/\/magnesiumbodylotions.com\/spanish\/#\/schema\/logo\/image\/\"}}]}<\/script>\n<!-- \/ Yoast SEO plugin. -->","yoast_head_json":{"title":"Acerca de Nosotros - Crema Corporal de Magnesio - D\u2019Fravela","robots":{"index":"noindex","follow":"follow","max-snippet":"max-snippet:-1","max-image-preview":"max-image-preview:large","max-video-preview":"max-video-preview:-1"},"og_locale":"en_US","og_type":"article","og_title":"Acerca de Nosotros - Crema Corporal de Magnesio - D\u2019Fravela","og_description":"Hola, y gracias por su preferencia que para mi es muy valiosa.\u00a0 Un poquito acerca de mi.\u00a0 \u00a0Naci y crec\u00ed en Tijuana, Baja California, M\u00e9xico, y me mud\u00e9 a Chula Vista, California, en 1991. Obtuve una Licenciatura en Ingenier\u00eda Civil de la Universidad Estatal de San Diego, y me gradu\u00e9 en 2006. Despu\u00e9s de una [&hellip;]","og_url":"https:\/\/magnesiumbodylotions.com\/spanish\/about-us\/","og_site_name":"Crema Corporal de Magnesio - D\u2019Fravela","article_modified_time":"2025-01-28T17:40:18+00:00","twitter_card":"summary_large_image","twitter_misc":{"Est. reading time":"2 minutes"},"schema":{"@context":"https:\/\/schema.org","@graph":[{"@type":"WebPage","@id":"https:\/\/magnesiumbodylotions.com\/spanish\/about-us\/","url":"https:\/\/magnesiumbodylotions.com\/spanish\/about-us\/","name":"Acerca de Nosotros - Crema Corporal de Magnesio - D\u2019Fravela","isPartOf":{"@id":"https:\/\/magnesiumbodylotions.com\/spanish\/#website"},"datePublished":"2024-09-04T12:41:17+00:00","dateModified":"2025-01-28T17:40:18+00:00","breadcrumb":{"@id":"https:\/\/magnesiumbodylotions.com\/spanish\/about-us\/#breadcrumb"},"inLanguage":"en-US","potentialAction":[{"@type":"ReadAction","target":["https:\/\/magnesiumbodylotions.com\/spanish\/about-us\/"]}]},{"@type":"BreadcrumbList","@id":"https:\/\/magnesiumbodylotions.com\/spanish\/about-us\/#breadcrumb","itemListElement":[{"@type":"ListItem","position":1,"name":"Home","item":"https:\/\/magnesiumbodylotions.com\/spanish\/"},{"@type":"ListItem","position":2,"name":"Acerca de Nosotros"}]},{"@type":"WebSite","@id":"https:\/\/magnesiumbodylotions.com\/spanish\/#website","url":"https:\/\/magnesiumbodylotions.com\/spanish\/","name":"Crema Corporal de Magnesio - D\u2019Fravela","description":"Crema Corporal de Magnesio - D\u2019Fravela","publisher":{"@id":"https:\/\/magnesiumbodylotions.com\/spanish\/#organization"},"potentialAction":[{"@type":"SearchAction","target":{"@type":"EntryPoint","urlTemplate":"https:\/\/magnesiumbodylotions.com\/spanish\/?s={search_term_string}"},"query-input":{"@type":"PropertyValueSpecification","valueRequired":true,"valueName":"search_term_string"}}],"inLanguage":"en-US"},{"@type":"Organization","@id":"https:\/\/magnesiumbodylotions.com\/spanish\/#organization","name":"Crema Corporal de Magnesio - D\u2019Fravela","url":"https:\/\/magnesiumbodylotions.com\/spanish\/","logo":{"@type":"ImageObject","inLanguage":"en-US","@id":"https:\/\/magnesiumbodylotions.com\/spanish\/#\/schema\/logo\/image\/","url":"https:\/\/magnesiumbodylotions.com\/spanish\/wp-content\/uploads\/2024\/09\/Shay-Co-logo-on-white-with-dark-variations-1ax.png","contentUrl":"https:\/\/magnesiumbodylotions.com\/spanish\/wp-content\/uploads\/2024\/09\/Shay-Co-logo-on-white-with-dark-variations-1ax.png","width":198,"height":116,"caption":"Crema Corporal de Magnesio - D\u2019Fravela"},"image":{"@id":"https:\/\/magnesiumbodylotions.com\/spanish\/#\/schema\/logo\/image\/"}}]}},"_links":{"self":[{"href":"https:\/\/magnesiumbodylotions.com\/spanish\/wp-json\/wp\/v2\/pages\/8","targetHints":{"allow":["GET"]}}],"collection":[{"href":"https:\/\/magnesiumbodylotions.com\/spanish\/wp-json\/wp\/v2\/pages"}],"about":[{"href":"https:\/\/magnesiumbodylotions.com\/spanish\/wp-json\/wp\/v2\/types\/page"}],"author":[{"embeddable":true,"href":"https:\/\/magnesiumbodylotions.com\/spanish\/wp-json\/wp\/v2\/users\/1"}],"replies":[{"embeddable":true,"href":"https:\/\/magnesiumbodylotions.com\/spanish\/wp-json\/wp\/v2\/comments?post=8"}],"version-history":[{"count":18,"href":"https:\/\/magnesiumbodylotions.com\/spanish\/wp-json\/wp\/v2\/pages\/8\/revisions"}],"predecessor-version":[{"id":27731,"href":"https:\/\/magnesiumbodylotions.com\/spanish\/wp-json\/wp\/v2\/pages\/8\/revisions\/27731"}],"wp:attachment":[{"href":"https:\/\/magnesiumbodylotions.com\/spanish\/wp-json\/wp\/v2\/media?parent=8"}],"curies":[{"name":"wp","href":"https:\/\/api.w.org\/{rel}","templated":true}]}}