{"id":27396,"date":"2024-12-12T00:31:52","date_gmt":"2024-12-12T00:31:52","guid":{"rendered":"https:\/\/cawebtechnologies.com\/works\/shaycompany\/?post_type=product&#038;p=27396"},"modified":"2025-01-30T14:33:33","modified_gmt":"2025-01-30T14:33:33","slug":"vela-de-soya-amo-mis-patitas","status":"publish","type":"product","link":"https:\/\/magnesiumbodylotions.com\/spanish\/product\/vela-de-soya-amo-mis-patitas\/","title":{"rendered":"Vela de Soya &#8220;Amo mis Patitas&#8221; &#8211; (Peso Neto 6 Onzas)"},"content":{"rendered":"<p>Este es el regalo perfecto para una persona especial en su cumplea\u00f1os o solo para un peque\u00f1o detalle.\u00a0 Nuestras velas est\u00e1n hechas a mano con amor e intenciones positivas y bellamente decoradas. Est\u00e1n listas para regalar en todas las ocasiones, para levantar el \u00e1nimo o para ayudar a crear un ambiente positivo. Nuestras velas vienen en latas, una excelente alternativa a las velas de vidrio para un manejo m\u00e1s f\u00e1cil.<\/p>\n<p><strong>INGREDIENTES:<\/strong><\/p>\n<p>Sin toxinas<br \/>\nSin parafina<br \/>\nSin crueldad animal<br \/>\nDe origen sostenible<br \/>\nSin ftalatos<br \/>\nCera de soja, cera de abejas y aceite de coco org\u00e1nico<\/p>\n<p><strong>DIMENSIONES DE LA LATA:<\/strong><\/p>\n<p>Di\u00e1metro de 3.15&#8243; X altura de 2.5&#8243;<br \/>\nLas velas de lata se pueden reutilizar para guardar art\u00edculos peque\u00f1os<br \/>\nLatas blancas mate<br \/>\nTiempo de combusti\u00f3n de 25 a 35 horas<\/p>\n<p><strong>CUIDADO DE LAS VELAS:<\/strong><\/p>\n<p>Siempre corte la mecha a 1\/8&#8243;-1\/4&#8243; antes de cada combusti\u00f3n usando nuestros cortadores de mechas.<\/p>\n<p><strong>DESCARGO DE RESPONSABILIDAD:<\/strong><\/p>\n<p>Hago a mano todas mis velas. Cualquier imperfecci\u00f3n no afectar\u00e1 la calidad de nuestras velas.<\/p>\n<p><strong>ADVERTENCIA:<\/strong> Quemar a la vista. Mantener alejado de objetos inflamables. Mantener alejado de ni\u00f1os y mascotas.<\/p>\n<p><strong>INSTRUCCIONES DE ENCENDIDO:<\/strong> Recortar la mecha a \u00bc\u201d antes de encender. Mantener la vela libre de materiales extra\u00f1os, incluidos f\u00f3sforos y adornos. Quemar la vela \u00fanicamente sobre una superficie nivelada y resistente al fuego. No dejar que la vela permanezca encendida durante m\u00e1s de cuatro horas seguidas. Dejar de usarla cuando solo quede \u00bc\u201d de cera.: Recortar la mecha a \u00bc\u201d antes de encender. Mantener la vela libre de materiales extra\u00f1os, incluidos f\u00f3sforos y adornos. Quemar la vela \u00fanicamente sobre una superficie nivelada y resistente al fuego. No dejar que la vela permanezca encendida durante m\u00e1s de cuatro horas seguidas. Dejar de usarla cuando solo quede \u00bc\u201d de cera.<\/p>\n","protected":false},"excerpt":{"rendered":"<p>Esta exquisita fragancia crea un ambiente tranquilo y elegante para los amantes de mascotas.<\/p>\n","protected":false},"featured_media":27392,"comment_status":"open","ping_status":"closed","template":"","meta":[],"product_cat":[193,20],"product_tag":[],"class_list":{"0":"post-27396","1":"product","2":"type-product","3":"status-publish","4":"has-post-thumbnail","6":"product_cat-best-sellers","7":"product_cat-velas","9":"first","10":"instock","11":"shipping-taxable","12":"purchasable","13":"product-type-variable"},"yoast_head":"<!-- This site is optimized with the Yoast SEO plugin v23.7 - https:\/\/yoast.com\/wordpress\/plugins\/seo\/ -->\n<title>Vela de Soya \u201cAmo mis Patitas\u201d \u2013 (Peso Neto 6 Onzas)<\/title>\n<meta name=\"description\" content=\"Esta exquisita fragancia crea un ambiente tranquilo y elegante para los amantes de mascotas como opci\u00f3n de mitigar los malos olores de nuestros animalitos.\" \/>\n<meta name=\"robots\" content=\"noindex, follow, max-snippet:-1, max-image-preview:large, max-video-preview:-1\" \/>\n<meta property=\"og:locale\" content=\"en_US\" \/>\n<meta property=\"og:type\" content=\"article\" \/>\n<meta property=\"og:title\" content=\"Vela de Soya \u201cAmo mis Patitas\u201d \u2013 (Peso Neto 6 Onzas)\" \/>\n<meta property=\"og:description\" content=\"Esta exquisita fragancia crea un ambiente tranquilo y elegante para los amantes de mascotas como opci\u00f3n de mitigar los malos olores de nuestros animalitos.\" \/>\n<meta property=\"og:url\" content=\"https:\/\/magnesiumbodylotions.com\/spanish\/product\/vela-de-soya-amo-mis-patitas\/\" \/>\n<meta property=\"og:site_name\" content=\"Crema Corporal de Magnesio - D\u2019Fravela\" \/>\n<meta property=\"article:modified_time\" content=\"2025-01-30T14:33:33+00:00\" \/>\n<meta property=\"og:image\" content=\"https:\/\/magnesiumbodylotions.com\/spanish\/wp-content\/uploads\/2024\/12\/WhatsApp-Image-2024-12-10-at-16.39.56_4adfb66c-e1733955391234.jpg\" \/>\n\t<meta property=\"og:image:width\" content=\"467\" \/>\n\t<meta property=\"og:image:height\" content=\"350\" \/>\n\t<meta property=\"og:image:type\" content=\"image\/jpeg\" \/>\n<meta name=\"twitter:card\" content=\"summary_large_image\" \/>\n<meta name=\"twitter:label1\" content=\"Est. reading time\" \/>\n\t<meta name=\"twitter:data1\" content=\"2 minutes\" \/>\n<script type=\"application\/ld+json\" class=\"yoast-schema-graph\">{\"@context\":\"https:\/\/schema.org\",\"@graph\":[{\"@type\":\"WebPage\",\"@id\":\"https:\/\/magnesiumbodylotions.com\/spanish\/product\/vela-de-soya-amo-mis-patitas\/\",\"url\":\"https:\/\/magnesiumbodylotions.com\/spanish\/product\/vela-de-soya-amo-mis-patitas\/\",\"name\":\"Vela de Soya \u201cAmo mis Patitas\u201d \u2013 (Peso Neto 6 Onzas)\",\"isPartOf\":{\"@id\":\"https:\/\/magnesiumbodylotions.com\/spanish\/#website\"},\"primaryImageOfPage\":{\"@id\":\"https:\/\/magnesiumbodylotions.com\/spanish\/product\/vela-de-soya-amo-mis-patitas\/#primaryimage\"},\"image\":{\"@id\":\"https:\/\/magnesiumbodylotions.com\/spanish\/product\/vela-de-soya-amo-mis-patitas\/#primaryimage\"},\"thumbnailUrl\":\"https:\/\/magnesiumbodylotions.com\/spanish\/wp-content\/uploads\/2024\/12\/WhatsApp-Image-2024-12-10-at-16.39.56_4adfb66c-e1733955391234.jpg\",\"datePublished\":\"2024-12-12T00:31:52+00:00\",\"dateModified\":\"2025-01-30T14:33:33+00:00\",\"description\":\"Esta exquisita fragancia crea un ambiente tranquilo y elegante para los amantes de mascotas como opci\u00f3n de mitigar los malos olores de nuestros animalitos.\",\"breadcrumb\":{\"@id\":\"https:\/\/magnesiumbodylotions.com\/spanish\/product\/vela-de-soya-amo-mis-patitas\/#breadcrumb\"},\"inLanguage\":\"en-US\",\"potentialAction\":[{\"@type\":\"ReadAction\",\"target\":[\"https:\/\/magnesiumbodylotions.com\/spanish\/product\/vela-de-soya-amo-mis-patitas\/\"]}]},{\"@type\":\"ImageObject\",\"inLanguage\":\"en-US\",\"@id\":\"https:\/\/magnesiumbodylotions.com\/spanish\/product\/vela-de-soya-amo-mis-patitas\/#primaryimage\",\"url\":\"https:\/\/magnesiumbodylotions.com\/spanish\/wp-content\/uploads\/2024\/12\/WhatsApp-Image-2024-12-10-at-16.39.56_4adfb66c-e1733955391234.jpg\",\"contentUrl\":\"https:\/\/magnesiumbodylotions.com\/spanish\/wp-content\/uploads\/2024\/12\/WhatsApp-Image-2024-12-10-at-16.39.56_4adfb66c-e1733955391234.jpg\",\"width\":467,\"height\":350},{\"@type\":\"BreadcrumbList\",\"@id\":\"https:\/\/magnesiumbodylotions.com\/spanish\/product\/vela-de-soya-amo-mis-patitas\/#breadcrumb\",\"itemListElement\":[{\"@type\":\"ListItem\",\"position\":1,\"name\":\"Home\",\"item\":\"https:\/\/magnesiumbodylotions.com\/spanish\/\"},{\"@type\":\"ListItem\",\"position\":2,\"name\":\"Shop\",\"item\":\"https:\/\/magnesiumbodylotions.com\/spanish\/shop-page\/\"},{\"@type\":\"ListItem\",\"position\":3,\"name\":\"Vela de Soya &#8220;Amo mis Patitas&#8221; &#8211; (Peso Neto 6 Onzas)\"}]},{\"@type\":\"WebSite\",\"@id\":\"https:\/\/magnesiumbodylotions.com\/spanish\/#website\",\"url\":\"https:\/\/magnesiumbodylotions.com\/spanish\/\",\"name\":\"Crema Corporal de Magnesio - D\u2019Fravela\",\"description\":\"Crema Corporal de Magnesio - D\u2019Fravela\",\"publisher\":{\"@id\":\"https:\/\/magnesiumbodylotions.com\/spanish\/#organization\"},\"potentialAction\":[{\"@type\":\"SearchAction\",\"target\":{\"@type\":\"EntryPoint\",\"urlTemplate\":\"https:\/\/magnesiumbodylotions.com\/spanish\/?s={search_term_string}\"},\"query-input\":{\"@type\":\"PropertyValueSpecification\",\"valueRequired\":true,\"valueName\":\"search_term_string\"}}],\"inLanguage\":\"en-US\"},{\"@type\":\"Organization\",\"@id\":\"https:\/\/magnesiumbodylotions.com\/spanish\/#organization\",\"name\":\"Crema Corporal de Magnesio - D\u2019Fravela\",\"url\":\"https:\/\/magnesiumbodylotions.com\/spanish\/\",\"logo\":{\"@type\":\"ImageObject\",\"inLanguage\":\"en-US\",\"@id\":\"https:\/\/magnesiumbodylotions.com\/spanish\/#\/schema\/logo\/image\/\",\"url\":\"https:\/\/magnesiumbodylotions.com\/spanish\/wp-content\/uploads\/2024\/09\/Shay-Co-logo-on-white-with-dark-variations-1ax.png\",\"contentUrl\":\"https:\/\/magnesiumbodylotions.com\/spanish\/wp-content\/uploads\/2024\/09\/Shay-Co-logo-on-white-with-dark-variations-1ax.png\",\"width\":198,\"height\":116,\"caption\":\"Crema Corporal de Magnesio - D\u2019Fravela\"},\"image\":{\"@id\":\"https:\/\/magnesiumbodylotions.com\/spanish\/#\/schema\/logo\/image\/\"}}]}<\/script>\n<!-- \/ Yoast SEO plugin. -->","yoast_head_json":{"title":"Vela de Soya \u201cAmo mis Patitas\u201d \u2013 (Peso Neto 6 Onzas)","description":"Esta exquisita fragancia crea un ambiente tranquilo y elegante para los amantes de mascotas como opci\u00f3n de mitigar los malos olores de nuestros animalitos.","robots":{"index":"noindex","follow":"follow","max-snippet":"max-snippet:-1","max-image-preview":"max-image-preview:large","max-video-preview":"max-video-preview:-1"},"og_locale":"en_US","og_type":"article","og_title":"Vela de Soya \u201cAmo mis Patitas\u201d \u2013 (Peso Neto 6 Onzas)","og_description":"Esta exquisita fragancia crea un ambiente tranquilo y elegante para los amantes de mascotas como opci\u00f3n de mitigar los malos olores de nuestros animalitos.","og_url":"https:\/\/magnesiumbodylotions.com\/spanish\/product\/vela-de-soya-amo-mis-patitas\/","og_site_name":"Crema Corporal de Magnesio - D\u2019Fravela","article_modified_time":"2025-01-30T14:33:33+00:00","og_image":[{"width":467,"height":350,"url":"https:\/\/magnesiumbodylotions.com\/spanish\/wp-content\/uploads\/2024\/12\/WhatsApp-Image-2024-12-10-at-16.39.56_4adfb66c-e1733955391234.jpg","type":"image\/jpeg"}],"twitter_card":"summary_large_image","twitter_misc":{"Est. reading time":"2 minutes"},"schema":{"@context":"https:\/\/schema.org","@graph":[{"@type":"WebPage","@id":"https:\/\/magnesiumbodylotions.com\/spanish\/product\/vela-de-soya-amo-mis-patitas\/","url":"https:\/\/magnesiumbodylotions.com\/spanish\/product\/vela-de-soya-amo-mis-patitas\/","name":"Vela de Soya \u201cAmo mis Patitas\u201d \u2013 (Peso Neto 6 Onzas)","isPartOf":{"@id":"https:\/\/magnesiumbodylotions.com\/spanish\/#website"},"primaryImageOfPage":{"@id":"https:\/\/magnesiumbodylotions.com\/spanish\/product\/vela-de-soya-amo-mis-patitas\/#primaryimage"},"image":{"@id":"https:\/\/magnesiumbodylotions.com\/spanish\/product\/vela-de-soya-amo-mis-patitas\/#primaryimage"},"thumbnailUrl":"https:\/\/magnesiumbodylotions.com\/spanish\/wp-content\/uploads\/2024\/12\/WhatsApp-Image-2024-12-10-at-16.39.56_4adfb66c-e1733955391234.jpg","datePublished":"2024-12-12T00:31:52+00:00","dateModified":"2025-01-30T14:33:33+00:00","description":"Esta exquisita fragancia crea un ambiente tranquilo y elegante para los amantes de mascotas como opci\u00f3n de mitigar los malos olores de nuestros animalitos.","breadcrumb":{"@id":"https:\/\/magnesiumbodylotions.com\/spanish\/product\/vela-de-soya-amo-mis-patitas\/#breadcrumb"},"inLanguage":"en-US","potentialAction":[{"@type":"ReadAction","target":["https:\/\/magnesiumbodylotions.com\/spanish\/product\/vela-de-soya-amo-mis-patitas\/"]}]},{"@type":"ImageObject","inLanguage":"en-US","@id":"https:\/\/magnesiumbodylotions.com\/spanish\/product\/vela-de-soya-amo-mis-patitas\/#primaryimage","url":"https:\/\/magnesiumbodylotions.com\/spanish\/wp-content\/uploads\/2024\/12\/WhatsApp-Image-2024-12-10-at-16.39.56_4adfb66c-e1733955391234.jpg","contentUrl":"https:\/\/magnesiumbodylotions.com\/spanish\/wp-content\/uploads\/2024\/12\/WhatsApp-Image-2024-12-10-at-16.39.56_4adfb66c-e1733955391234.jpg","width":467,"height":350},{"@type":"BreadcrumbList","@id":"https:\/\/magnesiumbodylotions.com\/spanish\/product\/vela-de-soya-amo-mis-patitas\/#breadcrumb","itemListElement":[{"@type":"ListItem","position":1,"name":"Home","item":"https:\/\/magnesiumbodylotions.com\/spanish\/"},{"@type":"ListItem","position":2,"name":"Shop","item":"https:\/\/magnesiumbodylotions.com\/spanish\/shop-page\/"},{"@type":"ListItem","position":3,"name":"Vela de Soya &#8220;Amo mis Patitas&#8221; &#8211; (Peso Neto 6 Onzas)"}]},{"@type":"WebSite","@id":"https:\/\/magnesiumbodylotions.com\/spanish\/#website","url":"https:\/\/magnesiumbodylotions.com\/spanish\/","name":"Crema Corporal de Magnesio - D\u2019Fravela","description":"Crema Corporal de Magnesio - D\u2019Fravela","publisher":{"@id":"https:\/\/magnesiumbodylotions.com\/spanish\/#organization"},"potentialAction":[{"@type":"SearchAction","target":{"@type":"EntryPoint","urlTemplate":"https:\/\/magnesiumbodylotions.com\/spanish\/?s={search_term_string}"},"query-input":{"@type":"PropertyValueSpecification","valueRequired":true,"valueName":"search_term_string"}}],"inLanguage":"en-US"},{"@type":"Organization","@id":"https:\/\/magnesiumbodylotions.com\/spanish\/#organization","name":"Crema Corporal de Magnesio - D\u2019Fravela","url":"https:\/\/magnesiumbodylotions.com\/spanish\/","logo":{"@type":"ImageObject","inLanguage":"en-US","@id":"https:\/\/magnesiumbodylotions.com\/spanish\/#\/schema\/logo\/image\/","url":"https:\/\/magnesiumbodylotions.com\/spanish\/wp-content\/uploads\/2024\/09\/Shay-Co-logo-on-white-with-dark-variations-1ax.png","contentUrl":"https:\/\/magnesiumbodylotions.com\/spanish\/wp-content\/uploads\/2024\/09\/Shay-Co-logo-on-white-with-dark-variations-1ax.png","width":198,"height":116,"caption":"Crema Corporal de Magnesio - D\u2019Fravela"},"image":{"@id":"https:\/\/magnesiumbodylotions.com\/spanish\/#\/schema\/logo\/image\/"}}]}},"_links":{"self":[{"href":"https:\/\/magnesiumbodylotions.com\/spanish\/wp-json\/wp\/v2\/product\/27396","targetHints":{"allow":["GET"]}}],"collection":[{"href":"https:\/\/magnesiumbodylotions.com\/spanish\/wp-json\/wp\/v2\/product"}],"about":[{"href":"https:\/\/magnesiumbodylotions.com\/spanish\/wp-json\/wp\/v2\/types\/product"}],"replies":[{"embeddable":true,"href":"https:\/\/magnesiumbodylotions.com\/spanish\/wp-json\/wp\/v2\/comments?post=27396"}],"wp:featuredmedia":[{"embeddable":true,"href":"https:\/\/magnesiumbodylotions.com\/spanish\/wp-json\/wp\/v2\/media\/27392"}],"wp:attachment":[{"href":"https:\/\/magnesiumbodylotions.com\/spanish\/wp-json\/wp\/v2\/media?parent=27396"}],"wp:term":[{"taxonomy":"product_cat","embeddable":true,"href":"https:\/\/magnesiumbodylotions.com\/spanish\/wp-json\/wp\/v2\/product_cat?post=27396"},{"taxonomy":"product_tag","embeddable":true,"href":"https:\/\/magnesiumbodylotions.com\/spanish\/wp-json\/wp\/v2\/product_tag?post=27396"}],"curies":[{"name":"wp","href":"https:\/\/api.w.org\/{rel}","templated":true}]}}