{"id":27440,"date":"2024-12-12T22:06:36","date_gmt":"2024-12-12T22:06:36","guid":{"rendered":"https:\/\/cawebtechnologies.com\/works\/shaycompany\/?post_type=product&#038;p=27440"},"modified":"2025-05-14T05:54:37","modified_gmt":"2025-05-14T05:54:37","slug":"crema-corporal-de-magnesio","status":"publish","type":"product","link":"https:\/\/magnesiumbodylotions.com\/spanish\/product\/crema-corporal-de-magnesio\/","title":{"rendered":"Loci\u00f3n de Magnesio (Peso Neto 4 Onzas)"},"content":{"rendered":"<p>La combinaci\u00f3n de copos de magnesio y la concentraci\u00f3n de cinco (5) aceites esenciales certificados, act\u00faan como catalizador de la receta perfecta para calmar dolores, aliviar calambres en las piernas, m\u00fasculos adoloridos, dolor en las articulaciones y dolor muscular, mejorar la calidad del sue\u00f1o, ayudar a reducir los niveles de estr\u00e9s y nutrir tu piel.<\/p>\n<p><strong>INGREDIENTES:<\/strong><\/p>\n<p>Agua destilada, copos de magnesio, cera emulsionante, \u00e1cido este\u00e1rico, manteca de karit\u00e9, aceite de jojoba, aceite de girasol, dimeticona, Euxyl PE 9010 y L-Arginina. Aceites esenciales: Cipr\u00e9s, Ylang Ylang, Incienso, Mejorana Dulce y Pino.<\/p>\n<p><strong>FRASCOS DE VIDRIO:<\/strong><\/p>\n<p>Frascos de vidrio \u00e1mbar de 4 oz con revestimiento interior.<br \/>\nDimensiones: di\u00e1metro 2,3&#8243; x 2,56&#8243; altura<\/p>\n<p><strong>DESCARGO DE RESPONSABILIDAD LEGAL<\/strong>:<\/p>\n<p>Se recomienda consultar a un m\u00e9dico antes de usar esta loci\u00f3n. Se recomienda aplicarlo en la piel desde el cuello hasta los pies \u00fanicamente, no usar en el rostro. <strong>S\u00d3LO PARA USO EXTERNO.<\/strong><\/p>\n<p><strong>PRECAUCIONES ANTES DE USAR LOCIONES DE MAGNESIO:<\/strong><\/p>\n<p><strong>EVITE EL CONTACTO CON LOS OJOS Y LA NARIZ:\u00a0 <\/strong>No aplique loci\u00f3n de magnesio en los ojos ni en el interior de la nariz, ya que puede causar irritaci\u00f3n.<\/p>\n<p><strong>HERIDAS ABIERTAS O ABRASIONES:\u00a0 <\/strong>No aplique loci\u00f3n de magnesio en heridas abiertas o si tiene abrasiones.<\/p>\n<p><strong>ENFERMEDAD RENAL:\u00a0 <\/strong>Si tiene una enfermedad renal, debe consultar a un profesional de la salud antes de usar loci\u00f3n de magnesio, ya que el magnesio se libera a trav\u00e9s de los ri\u00f1ones.<\/p>\n<p><strong>ANTICOAGULANTES:\u00a0 <\/strong>Si toma Coumadin u otros anticoagulantes recetados, debe consultar a su m\u00e9dico antes de usar loci\u00f3n de magnesio, ya que el magnesio es un anticoagulante natural.<\/p>\n<p><strong>IRRITACI\u00d3N DE LA PIEL:\u00a0 <\/strong>Algunas personas pueden experimentar irritaci\u00f3n de la piel a causa de la loci\u00f3n de magnesio, especialmente si tienen piel sensible o est\u00e1n recibiendo tratamiento contra el c\u00e1ncer.<\/p>\n<p><strong>ENJUAGUE:\u00a0 <\/strong>Si se debe enjuagar o no la loci\u00f3n de magnesio despu\u00e9s de su uso es una cuesti\u00f3n de preferencia personal, pero es m\u00e1s probable que desee enjuagarla si usa m\u00e1s loci\u00f3n o la aplica en un \u00e1rea m\u00e1s grande de su cuerpo.<\/p>\n<p>Realice una prueba de parche en una zona peque\u00f1a y poco visible de la piel antes de aplicar la crema de magnesio en una zona m\u00e1s grande.\u00a0 Solo para uso externo desde el cuello hasta los dedos de los pies.\u00a0 Consulte con un profesional de la salud antes de comenzar cualquier tratamiento nuevo.<\/p>\n","protected":false},"excerpt":{"rendered":"<p>Nuestra loci\u00f3n corporal de magnesio est\u00e1 formulada para aliviar dolores, calambres en las piernas, dolores musculares, dolores en las articulaciones y dolores musculares, mejorar la calidad del sue\u00f1o, ayudar a reducir los niveles de estr\u00e9s y nutrir la piel.<\/p>\n","protected":false},"featured_media":27435,"comment_status":"open","ping_status":"closed","template":"","meta":[],"product_cat":[193,207],"product_tag":[],"class_list":{"0":"post-27440","1":"product","2":"type-product","3":"status-publish","4":"has-post-thumbnail","6":"product_cat-best-sellers","7":"product_cat-crema-corporal-de-magnesio","9":"first","10":"instock","11":"featured","12":"shipping-taxable","13":"purchasable","14":"product-type-simple"},"yoast_head":"<!-- This site is optimized with the Yoast SEO plugin v23.7 - https:\/\/yoast.com\/wordpress\/plugins\/seo\/ -->\n<title>Crema Corporal de Magnesio (Peso Neto 4 Onzas) \u2013 Magnesium Body Lotion<\/title>\n<meta name=\"description\" content=\"Nuestra loci\u00f3n corporal de magnesio est\u00e1 formulada para aliviar dolores, calambres en las piernas, dolores musculares, dolores en las articulaciones y dolores musculares, mejorar la calidad del sue\u00f1o, ayudar a reducir los niveles de estr\u00e9s y nutrir la piel.\" \/>\n<meta name=\"robots\" content=\"noindex, follow, max-snippet:-1, max-image-preview:large, max-video-preview:-1\" \/>\n<meta property=\"og:locale\" content=\"en_US\" \/>\n<meta property=\"og:type\" content=\"article\" \/>\n<meta property=\"og:title\" content=\"Crema Corporal de Magnesio (Peso Neto 4 Onzas) \u2013 Magnesium Body Lotion\" \/>\n<meta property=\"og:description\" content=\"Nuestra loci\u00f3n corporal de magnesio est\u00e1 formulada para aliviar dolores, calambres en las piernas, dolores musculares, dolores en las articulaciones y dolores musculares, mejorar la calidad del sue\u00f1o, ayudar a reducir los niveles de estr\u00e9s y nutrir la piel.\" \/>\n<meta property=\"og:url\" content=\"https:\/\/magnesiumbodylotions.com\/spanish\/product\/crema-corporal-de-magnesio\/\" \/>\n<meta property=\"og:site_name\" content=\"Crema Corporal de Magnesio - D\u2019Fravela\" \/>\n<meta property=\"article:modified_time\" content=\"2025-05-14T05:54:37+00:00\" \/>\n<meta property=\"og:image\" content=\"https:\/\/magnesiumbodylotions.com\/spanish\/wp-content\/uploads\/2024\/12\/IMG-20241010-WA0025-e1734041007409.jpg\" \/>\n\t<meta property=\"og:image:width\" content=\"573\" \/>\n\t<meta property=\"og:image:height\" content=\"507\" \/>\n\t<meta property=\"og:image:type\" content=\"image\/jpeg\" \/>\n<meta name=\"twitter:card\" content=\"summary_large_image\" \/>\n<meta name=\"twitter:label1\" content=\"Est. reading time\" \/>\n\t<meta name=\"twitter:data1\" content=\"2 minutes\" \/>\n<script type=\"application\/ld+json\" class=\"yoast-schema-graph\">{\"@context\":\"https:\/\/schema.org\",\"@graph\":[{\"@type\":\"WebPage\",\"@id\":\"https:\/\/magnesiumbodylotions.com\/spanish\/product\/crema-corporal-de-magnesio\/\",\"url\":\"https:\/\/magnesiumbodylotions.com\/spanish\/product\/crema-corporal-de-magnesio\/\",\"name\":\"Crema Corporal de Magnesio (Peso Neto 4 Onzas) \u2013 Magnesium Body Lotion\",\"isPartOf\":{\"@id\":\"https:\/\/magnesiumbodylotions.com\/spanish\/#website\"},\"primaryImageOfPage\":{\"@id\":\"https:\/\/magnesiumbodylotions.com\/spanish\/product\/crema-corporal-de-magnesio\/#primaryimage\"},\"image\":{\"@id\":\"https:\/\/magnesiumbodylotions.com\/spanish\/product\/crema-corporal-de-magnesio\/#primaryimage\"},\"thumbnailUrl\":\"https:\/\/magnesiumbodylotions.com\/spanish\/wp-content\/uploads\/2024\/12\/IMG-20241010-WA0025-e1734041007409.jpg\",\"datePublished\":\"2024-12-12T22:06:36+00:00\",\"dateModified\":\"2025-05-14T05:54:37+00:00\",\"description\":\"Nuestra loci\u00f3n corporal de magnesio est\u00e1 formulada para aliviar dolores, calambres en las piernas, dolores musculares, dolores en las articulaciones y dolores musculares, mejorar la calidad del sue\u00f1o, ayudar a reducir los niveles de estr\u00e9s y nutrir la piel.\",\"breadcrumb\":{\"@id\":\"https:\/\/magnesiumbodylotions.com\/spanish\/product\/crema-corporal-de-magnesio\/#breadcrumb\"},\"inLanguage\":\"en-US\",\"potentialAction\":[{\"@type\":\"ReadAction\",\"target\":[\"https:\/\/magnesiumbodylotions.com\/spanish\/product\/crema-corporal-de-magnesio\/\"]}]},{\"@type\":\"ImageObject\",\"inLanguage\":\"en-US\",\"@id\":\"https:\/\/magnesiumbodylotions.com\/spanish\/product\/crema-corporal-de-magnesio\/#primaryimage\",\"url\":\"https:\/\/magnesiumbodylotions.com\/spanish\/wp-content\/uploads\/2024\/12\/IMG-20241010-WA0025-e1734041007409.jpg\",\"contentUrl\":\"https:\/\/magnesiumbodylotions.com\/spanish\/wp-content\/uploads\/2024\/12\/IMG-20241010-WA0025-e1734041007409.jpg\",\"width\":573,\"height\":507},{\"@type\":\"BreadcrumbList\",\"@id\":\"https:\/\/magnesiumbodylotions.com\/spanish\/product\/crema-corporal-de-magnesio\/#breadcrumb\",\"itemListElement\":[{\"@type\":\"ListItem\",\"position\":1,\"name\":\"Home\",\"item\":\"https:\/\/magnesiumbodylotions.com\/spanish\/\"},{\"@type\":\"ListItem\",\"position\":2,\"name\":\"Shop\",\"item\":\"https:\/\/magnesiumbodylotions.com\/spanish\/shop-page\/\"},{\"@type\":\"ListItem\",\"position\":3,\"name\":\"Loci\u00f3n de Magnesio (Peso Neto 4 Onzas)\"}]},{\"@type\":\"WebSite\",\"@id\":\"https:\/\/magnesiumbodylotions.com\/spanish\/#website\",\"url\":\"https:\/\/magnesiumbodylotions.com\/spanish\/\",\"name\":\"Crema Corporal de Magnesio - D\u2019Fravela\",\"description\":\"Crema Corporal de Magnesio - D\u2019Fravela\",\"publisher\":{\"@id\":\"https:\/\/magnesiumbodylotions.com\/spanish\/#organization\"},\"potentialAction\":[{\"@type\":\"SearchAction\",\"target\":{\"@type\":\"EntryPoint\",\"urlTemplate\":\"https:\/\/magnesiumbodylotions.com\/spanish\/?s={search_term_string}\"},\"query-input\":{\"@type\":\"PropertyValueSpecification\",\"valueRequired\":true,\"valueName\":\"search_term_string\"}}],\"inLanguage\":\"en-US\"},{\"@type\":\"Organization\",\"@id\":\"https:\/\/magnesiumbodylotions.com\/spanish\/#organization\",\"name\":\"Crema Corporal de Magnesio - D\u2019Fravela\",\"url\":\"https:\/\/magnesiumbodylotions.com\/spanish\/\",\"logo\":{\"@type\":\"ImageObject\",\"inLanguage\":\"en-US\",\"@id\":\"https:\/\/magnesiumbodylotions.com\/spanish\/#\/schema\/logo\/image\/\",\"url\":\"https:\/\/magnesiumbodylotions.com\/spanish\/wp-content\/uploads\/2024\/09\/Shay-Co-logo-on-white-with-dark-variations-1ax.png\",\"contentUrl\":\"https:\/\/magnesiumbodylotions.com\/spanish\/wp-content\/uploads\/2024\/09\/Shay-Co-logo-on-white-with-dark-variations-1ax.png\",\"width\":198,\"height\":116,\"caption\":\"Crema Corporal de Magnesio - D\u2019Fravela\"},\"image\":{\"@id\":\"https:\/\/magnesiumbodylotions.com\/spanish\/#\/schema\/logo\/image\/\"}}]}<\/script>\n<!-- \/ Yoast SEO plugin. -->","yoast_head_json":{"title":"Crema Corporal de Magnesio (Peso Neto 4 Onzas) \u2013 Magnesium Body Lotion","description":"Nuestra loci\u00f3n corporal de magnesio est\u00e1 formulada para aliviar dolores, calambres en las piernas, dolores musculares, dolores en las articulaciones y dolores musculares, mejorar la calidad del sue\u00f1o, ayudar a reducir los niveles de estr\u00e9s y nutrir la piel.","robots":{"index":"noindex","follow":"follow","max-snippet":"max-snippet:-1","max-image-preview":"max-image-preview:large","max-video-preview":"max-video-preview:-1"},"og_locale":"en_US","og_type":"article","og_title":"Crema Corporal de Magnesio (Peso Neto 4 Onzas) \u2013 Magnesium Body Lotion","og_description":"Nuestra loci\u00f3n corporal de magnesio est\u00e1 formulada para aliviar dolores, calambres en las piernas, dolores musculares, dolores en las articulaciones y dolores musculares, mejorar la calidad del sue\u00f1o, ayudar a reducir los niveles de estr\u00e9s y nutrir la piel.","og_url":"https:\/\/magnesiumbodylotions.com\/spanish\/product\/crema-corporal-de-magnesio\/","og_site_name":"Crema Corporal de Magnesio - D\u2019Fravela","article_modified_time":"2025-05-14T05:54:37+00:00","og_image":[{"width":573,"height":507,"url":"https:\/\/magnesiumbodylotions.com\/spanish\/wp-content\/uploads\/2024\/12\/IMG-20241010-WA0025-e1734041007409.jpg","type":"image\/jpeg"}],"twitter_card":"summary_large_image","twitter_misc":{"Est. reading time":"2 minutes"},"schema":{"@context":"https:\/\/schema.org","@graph":[{"@type":"WebPage","@id":"https:\/\/magnesiumbodylotions.com\/spanish\/product\/crema-corporal-de-magnesio\/","url":"https:\/\/magnesiumbodylotions.com\/spanish\/product\/crema-corporal-de-magnesio\/","name":"Crema Corporal de Magnesio (Peso Neto 4 Onzas) \u2013 Magnesium Body Lotion","isPartOf":{"@id":"https:\/\/magnesiumbodylotions.com\/spanish\/#website"},"primaryImageOfPage":{"@id":"https:\/\/magnesiumbodylotions.com\/spanish\/product\/crema-corporal-de-magnesio\/#primaryimage"},"image":{"@id":"https:\/\/magnesiumbodylotions.com\/spanish\/product\/crema-corporal-de-magnesio\/#primaryimage"},"thumbnailUrl":"https:\/\/magnesiumbodylotions.com\/spanish\/wp-content\/uploads\/2024\/12\/IMG-20241010-WA0025-e1734041007409.jpg","datePublished":"2024-12-12T22:06:36+00:00","dateModified":"2025-05-14T05:54:37+00:00","description":"Nuestra loci\u00f3n corporal de magnesio est\u00e1 formulada para aliviar dolores, calambres en las piernas, dolores musculares, dolores en las articulaciones y dolores musculares, mejorar la calidad del sue\u00f1o, ayudar a reducir los niveles de estr\u00e9s y nutrir la piel.","breadcrumb":{"@id":"https:\/\/magnesiumbodylotions.com\/spanish\/product\/crema-corporal-de-magnesio\/#breadcrumb"},"inLanguage":"en-US","potentialAction":[{"@type":"ReadAction","target":["https:\/\/magnesiumbodylotions.com\/spanish\/product\/crema-corporal-de-magnesio\/"]}]},{"@type":"ImageObject","inLanguage":"en-US","@id":"https:\/\/magnesiumbodylotions.com\/spanish\/product\/crema-corporal-de-magnesio\/#primaryimage","url":"https:\/\/magnesiumbodylotions.com\/spanish\/wp-content\/uploads\/2024\/12\/IMG-20241010-WA0025-e1734041007409.jpg","contentUrl":"https:\/\/magnesiumbodylotions.com\/spanish\/wp-content\/uploads\/2024\/12\/IMG-20241010-WA0025-e1734041007409.jpg","width":573,"height":507},{"@type":"BreadcrumbList","@id":"https:\/\/magnesiumbodylotions.com\/spanish\/product\/crema-corporal-de-magnesio\/#breadcrumb","itemListElement":[{"@type":"ListItem","position":1,"name":"Home","item":"https:\/\/magnesiumbodylotions.com\/spanish\/"},{"@type":"ListItem","position":2,"name":"Shop","item":"https:\/\/magnesiumbodylotions.com\/spanish\/shop-page\/"},{"@type":"ListItem","position":3,"name":"Loci\u00f3n de Magnesio (Peso Neto 4 Onzas)"}]},{"@type":"WebSite","@id":"https:\/\/magnesiumbodylotions.com\/spanish\/#website","url":"https:\/\/magnesiumbodylotions.com\/spanish\/","name":"Crema Corporal de Magnesio - D\u2019Fravela","description":"Crema Corporal de Magnesio - D\u2019Fravela","publisher":{"@id":"https:\/\/magnesiumbodylotions.com\/spanish\/#organization"},"potentialAction":[{"@type":"SearchAction","target":{"@type":"EntryPoint","urlTemplate":"https:\/\/magnesiumbodylotions.com\/spanish\/?s={search_term_string}"},"query-input":{"@type":"PropertyValueSpecification","valueRequired":true,"valueName":"search_term_string"}}],"inLanguage":"en-US"},{"@type":"Organization","@id":"https:\/\/magnesiumbodylotions.com\/spanish\/#organization","name":"Crema Corporal de Magnesio - D\u2019Fravela","url":"https:\/\/magnesiumbodylotions.com\/spanish\/","logo":{"@type":"ImageObject","inLanguage":"en-US","@id":"https:\/\/magnesiumbodylotions.com\/spanish\/#\/schema\/logo\/image\/","url":"https:\/\/magnesiumbodylotions.com\/spanish\/wp-content\/uploads\/2024\/09\/Shay-Co-logo-on-white-with-dark-variations-1ax.png","contentUrl":"https:\/\/magnesiumbodylotions.com\/spanish\/wp-content\/uploads\/2024\/09\/Shay-Co-logo-on-white-with-dark-variations-1ax.png","width":198,"height":116,"caption":"Crema Corporal de Magnesio - D\u2019Fravela"},"image":{"@id":"https:\/\/magnesiumbodylotions.com\/spanish\/#\/schema\/logo\/image\/"}}]}},"_links":{"self":[{"href":"https:\/\/magnesiumbodylotions.com\/spanish\/wp-json\/wp\/v2\/product\/27440","targetHints":{"allow":["GET"]}}],"collection":[{"href":"https:\/\/magnesiumbodylotions.com\/spanish\/wp-json\/wp\/v2\/product"}],"about":[{"href":"https:\/\/magnesiumbodylotions.com\/spanish\/wp-json\/wp\/v2\/types\/product"}],"replies":[{"embeddable":true,"href":"https:\/\/magnesiumbodylotions.com\/spanish\/wp-json\/wp\/v2\/comments?post=27440"}],"wp:featuredmedia":[{"embeddable":true,"href":"https:\/\/magnesiumbodylotions.com\/spanish\/wp-json\/wp\/v2\/media\/27435"}],"wp:attachment":[{"href":"https:\/\/magnesiumbodylotions.com\/spanish\/wp-json\/wp\/v2\/media?parent=27440"}],"wp:term":[{"taxonomy":"product_cat","embeddable":true,"href":"https:\/\/magnesiumbodylotions.com\/spanish\/wp-json\/wp\/v2\/product_cat?post=27440"},{"taxonomy":"product_tag","embeddable":true,"href":"https:\/\/magnesiumbodylotions.com\/spanish\/wp-json\/wp\/v2\/product_tag?post=27440"}],"curies":[{"name":"wp","href":"https:\/\/api.w.org\/{rel}","templated":true}]}}