{"id":27454,"date":"2024-12-13T03:05:25","date_gmt":"2024-12-13T03:05:25","guid":{"rendered":"https:\/\/cawebtechnologies.com\/works\/shaycompany\/?post_type=product&#038;p=27454"},"modified":"2025-01-30T14:40:43","modified_gmt":"2025-01-30T14:40:43","slug":"recortador-de-mechas-rosa-dorado","status":"publish","type":"product","link":"https:\/\/magnesiumbodylotions.com\/spanish\/product\/recortador-de-mechas-rosa-dorado\/","title":{"rendered":"Recortador de Mechas &#8211; Rosa Dorado (7 pulgadas)"},"content":{"rendered":"<p>Este es un elegante y discreto recortador de mechas para el cuidado de las velas. Est\u00e1 hecho de acero inoxidable de alta calidad y duradero. Ocasionalmente, las mechas de las velas acumulan holl\u00edn despu\u00e9s de cada quemado, lo que provoca humo y una combusti\u00f3n desigual. Cortar las mechas antes de cada quemado garantiza una vela que arde mejor y dura m\u00e1s. Las mechas de las velas deben recortarse antes de cada quemado, para garantizar una combusti\u00f3n m\u00e1s limpia y uniforme. Siempre recorte la mecha a 1\/8 &#8220;-1\/4&#8221; antes de cada quemado con nuestros recortadores de mechas.<\/p>\n","protected":false},"excerpt":{"rendered":"<p>Este es un art\u00edculo imprescindible para los amantes de las velas y se recomienda para obtener velas m\u00e1s limpias y que quemen mejor.<\/p>\n","protected":false},"featured_media":27451,"comment_status":"open","ping_status":"closed","template":"","meta":[],"product_cat":[193,210],"product_tag":[],"class_list":{"0":"post-27454","1":"product","2":"type-product","3":"status-publish","4":"has-post-thumbnail","6":"product_cat-best-sellers","7":"product_cat-recortador-de-mechas","9":"first","10":"instock","11":"shipping-taxable","12":"purchasable","13":"product-type-simple"},"yoast_head":"<!-- This site is optimized with the Yoast SEO plugin v23.7 - https:\/\/yoast.com\/wordpress\/plugins\/seo\/ -->\n<title>Recortador de Mechas - Rosa Dorado (7 pulgadas)<\/title>\n<meta name=\"description\" content=\"Este es un art\u00edculo imprescindible para los amantes de las velas y se recomienda para obtener velas m\u00e1s limpias y que quemen mejor.\" \/>\n<meta name=\"robots\" content=\"noindex, follow, max-snippet:-1, max-image-preview:large, max-video-preview:-1\" \/>\n<meta property=\"og:locale\" content=\"en_US\" \/>\n<meta property=\"og:type\" content=\"article\" \/>\n<meta property=\"og:title\" content=\"Recortador de Mechas - Rosa Dorado (7 pulgadas)\" \/>\n<meta property=\"og:description\" content=\"Este es un art\u00edculo imprescindible para los amantes de las velas y se recomienda para obtener velas m\u00e1s limpias y que quemen mejor.\" \/>\n<meta property=\"og:url\" content=\"https:\/\/magnesiumbodylotions.com\/spanish\/product\/recortador-de-mechas-rosa-dorado\/\" \/>\n<meta property=\"og:site_name\" content=\"Crema Corporal de Magnesio - D\u2019Fravela\" \/>\n<meta property=\"article:modified_time\" content=\"2025-01-30T14:40:43+00:00\" \/>\n<meta property=\"og:image\" content=\"https:\/\/magnesiumbodylotions.com\/spanish\/wp-content\/uploads\/2024\/12\/WhatsApp-Image-2024-12-12-at-18.34.11_5dd7fdcf-e1734059253415.jpg\" \/>\n\t<meta property=\"og:image:width\" content=\"573\" \/>\n\t<meta property=\"og:image:height\" content=\"328\" \/>\n\t<meta property=\"og:image:type\" content=\"image\/jpeg\" \/>\n<meta name=\"twitter:card\" content=\"summary_large_image\" \/>\n<meta name=\"twitter:label1\" content=\"Est. reading time\" \/>\n\t<meta name=\"twitter:data1\" content=\"1 minute\" \/>\n<script type=\"application\/ld+json\" class=\"yoast-schema-graph\">{\"@context\":\"https:\/\/schema.org\",\"@graph\":[{\"@type\":\"WebPage\",\"@id\":\"https:\/\/magnesiumbodylotions.com\/spanish\/product\/recortador-de-mechas-rosa-dorado\/\",\"url\":\"https:\/\/magnesiumbodylotions.com\/spanish\/product\/recortador-de-mechas-rosa-dorado\/\",\"name\":\"Recortador de Mechas - Rosa Dorado (7 pulgadas)\",\"isPartOf\":{\"@id\":\"https:\/\/magnesiumbodylotions.com\/spanish\/#website\"},\"primaryImageOfPage\":{\"@id\":\"https:\/\/magnesiumbodylotions.com\/spanish\/product\/recortador-de-mechas-rosa-dorado\/#primaryimage\"},\"image\":{\"@id\":\"https:\/\/magnesiumbodylotions.com\/spanish\/product\/recortador-de-mechas-rosa-dorado\/#primaryimage\"},\"thumbnailUrl\":\"https:\/\/magnesiumbodylotions.com\/spanish\/wp-content\/uploads\/2024\/12\/WhatsApp-Image-2024-12-12-at-18.34.11_5dd7fdcf-e1734059253415.jpg\",\"datePublished\":\"2024-12-13T03:05:25+00:00\",\"dateModified\":\"2025-01-30T14:40:43+00:00\",\"description\":\"Este es un art\u00edculo imprescindible para los amantes de las velas y se recomienda para obtener velas m\u00e1s limpias y que quemen mejor.\",\"breadcrumb\":{\"@id\":\"https:\/\/magnesiumbodylotions.com\/spanish\/product\/recortador-de-mechas-rosa-dorado\/#breadcrumb\"},\"inLanguage\":\"en-US\",\"potentialAction\":[{\"@type\":\"ReadAction\",\"target\":[\"https:\/\/magnesiumbodylotions.com\/spanish\/product\/recortador-de-mechas-rosa-dorado\/\"]}]},{\"@type\":\"ImageObject\",\"inLanguage\":\"en-US\",\"@id\":\"https:\/\/magnesiumbodylotions.com\/spanish\/product\/recortador-de-mechas-rosa-dorado\/#primaryimage\",\"url\":\"https:\/\/magnesiumbodylotions.com\/spanish\/wp-content\/uploads\/2024\/12\/WhatsApp-Image-2024-12-12-at-18.34.11_5dd7fdcf-e1734059253415.jpg\",\"contentUrl\":\"https:\/\/magnesiumbodylotions.com\/spanish\/wp-content\/uploads\/2024\/12\/WhatsApp-Image-2024-12-12-at-18.34.11_5dd7fdcf-e1734059253415.jpg\",\"width\":573,\"height\":328},{\"@type\":\"BreadcrumbList\",\"@id\":\"https:\/\/magnesiumbodylotions.com\/spanish\/product\/recortador-de-mechas-rosa-dorado\/#breadcrumb\",\"itemListElement\":[{\"@type\":\"ListItem\",\"position\":1,\"name\":\"Home\",\"item\":\"https:\/\/magnesiumbodylotions.com\/spanish\/\"},{\"@type\":\"ListItem\",\"position\":2,\"name\":\"Shop\",\"item\":\"https:\/\/magnesiumbodylotions.com\/spanish\/shop-page\/\"},{\"@type\":\"ListItem\",\"position\":3,\"name\":\"Recortador de Mechas &#8211; Rosa Dorado (7 pulgadas)\"}]},{\"@type\":\"WebSite\",\"@id\":\"https:\/\/magnesiumbodylotions.com\/spanish\/#website\",\"url\":\"https:\/\/magnesiumbodylotions.com\/spanish\/\",\"name\":\"Crema Corporal de Magnesio - D\u2019Fravela\",\"description\":\"Crema Corporal de Magnesio - D\u2019Fravela\",\"publisher\":{\"@id\":\"https:\/\/magnesiumbodylotions.com\/spanish\/#organization\"},\"potentialAction\":[{\"@type\":\"SearchAction\",\"target\":{\"@type\":\"EntryPoint\",\"urlTemplate\":\"https:\/\/magnesiumbodylotions.com\/spanish\/?s={search_term_string}\"},\"query-input\":{\"@type\":\"PropertyValueSpecification\",\"valueRequired\":true,\"valueName\":\"search_term_string\"}}],\"inLanguage\":\"en-US\"},{\"@type\":\"Organization\",\"@id\":\"https:\/\/magnesiumbodylotions.com\/spanish\/#organization\",\"name\":\"Crema Corporal de Magnesio - D\u2019Fravela\",\"url\":\"https:\/\/magnesiumbodylotions.com\/spanish\/\",\"logo\":{\"@type\":\"ImageObject\",\"inLanguage\":\"en-US\",\"@id\":\"https:\/\/magnesiumbodylotions.com\/spanish\/#\/schema\/logo\/image\/\",\"url\":\"https:\/\/magnesiumbodylotions.com\/spanish\/wp-content\/uploads\/2024\/09\/Shay-Co-logo-on-white-with-dark-variations-1ax.png\",\"contentUrl\":\"https:\/\/magnesiumbodylotions.com\/spanish\/wp-content\/uploads\/2024\/09\/Shay-Co-logo-on-white-with-dark-variations-1ax.png\",\"width\":198,\"height\":116,\"caption\":\"Crema Corporal de Magnesio - D\u2019Fravela\"},\"image\":{\"@id\":\"https:\/\/magnesiumbodylotions.com\/spanish\/#\/schema\/logo\/image\/\"}}]}<\/script>\n<!-- \/ Yoast SEO plugin. -->","yoast_head_json":{"title":"Recortador de Mechas - Rosa Dorado (7 pulgadas)","description":"Este es un art\u00edculo imprescindible para los amantes de las velas y se recomienda para obtener velas m\u00e1s limpias y que quemen mejor.","robots":{"index":"noindex","follow":"follow","max-snippet":"max-snippet:-1","max-image-preview":"max-image-preview:large","max-video-preview":"max-video-preview:-1"},"og_locale":"en_US","og_type":"article","og_title":"Recortador de Mechas - Rosa Dorado (7 pulgadas)","og_description":"Este es un art\u00edculo imprescindible para los amantes de las velas y se recomienda para obtener velas m\u00e1s limpias y que quemen mejor.","og_url":"https:\/\/magnesiumbodylotions.com\/spanish\/product\/recortador-de-mechas-rosa-dorado\/","og_site_name":"Crema Corporal de Magnesio - D\u2019Fravela","article_modified_time":"2025-01-30T14:40:43+00:00","og_image":[{"width":573,"height":328,"url":"https:\/\/magnesiumbodylotions.com\/spanish\/wp-content\/uploads\/2024\/12\/WhatsApp-Image-2024-12-12-at-18.34.11_5dd7fdcf-e1734059253415.jpg","type":"image\/jpeg"}],"twitter_card":"summary_large_image","twitter_misc":{"Est. reading time":"1 minute"},"schema":{"@context":"https:\/\/schema.org","@graph":[{"@type":"WebPage","@id":"https:\/\/magnesiumbodylotions.com\/spanish\/product\/recortador-de-mechas-rosa-dorado\/","url":"https:\/\/magnesiumbodylotions.com\/spanish\/product\/recortador-de-mechas-rosa-dorado\/","name":"Recortador de Mechas - Rosa Dorado (7 pulgadas)","isPartOf":{"@id":"https:\/\/magnesiumbodylotions.com\/spanish\/#website"},"primaryImageOfPage":{"@id":"https:\/\/magnesiumbodylotions.com\/spanish\/product\/recortador-de-mechas-rosa-dorado\/#primaryimage"},"image":{"@id":"https:\/\/magnesiumbodylotions.com\/spanish\/product\/recortador-de-mechas-rosa-dorado\/#primaryimage"},"thumbnailUrl":"https:\/\/magnesiumbodylotions.com\/spanish\/wp-content\/uploads\/2024\/12\/WhatsApp-Image-2024-12-12-at-18.34.11_5dd7fdcf-e1734059253415.jpg","datePublished":"2024-12-13T03:05:25+00:00","dateModified":"2025-01-30T14:40:43+00:00","description":"Este es un art\u00edculo imprescindible para los amantes de las velas y se recomienda para obtener velas m\u00e1s limpias y que quemen mejor.","breadcrumb":{"@id":"https:\/\/magnesiumbodylotions.com\/spanish\/product\/recortador-de-mechas-rosa-dorado\/#breadcrumb"},"inLanguage":"en-US","potentialAction":[{"@type":"ReadAction","target":["https:\/\/magnesiumbodylotions.com\/spanish\/product\/recortador-de-mechas-rosa-dorado\/"]}]},{"@type":"ImageObject","inLanguage":"en-US","@id":"https:\/\/magnesiumbodylotions.com\/spanish\/product\/recortador-de-mechas-rosa-dorado\/#primaryimage","url":"https:\/\/magnesiumbodylotions.com\/spanish\/wp-content\/uploads\/2024\/12\/WhatsApp-Image-2024-12-12-at-18.34.11_5dd7fdcf-e1734059253415.jpg","contentUrl":"https:\/\/magnesiumbodylotions.com\/spanish\/wp-content\/uploads\/2024\/12\/WhatsApp-Image-2024-12-12-at-18.34.11_5dd7fdcf-e1734059253415.jpg","width":573,"height":328},{"@type":"BreadcrumbList","@id":"https:\/\/magnesiumbodylotions.com\/spanish\/product\/recortador-de-mechas-rosa-dorado\/#breadcrumb","itemListElement":[{"@type":"ListItem","position":1,"name":"Home","item":"https:\/\/magnesiumbodylotions.com\/spanish\/"},{"@type":"ListItem","position":2,"name":"Shop","item":"https:\/\/magnesiumbodylotions.com\/spanish\/shop-page\/"},{"@type":"ListItem","position":3,"name":"Recortador de Mechas &#8211; Rosa Dorado (7 pulgadas)"}]},{"@type":"WebSite","@id":"https:\/\/magnesiumbodylotions.com\/spanish\/#website","url":"https:\/\/magnesiumbodylotions.com\/spanish\/","name":"Crema Corporal de Magnesio - D\u2019Fravela","description":"Crema Corporal de Magnesio - D\u2019Fravela","publisher":{"@id":"https:\/\/magnesiumbodylotions.com\/spanish\/#organization"},"potentialAction":[{"@type":"SearchAction","target":{"@type":"EntryPoint","urlTemplate":"https:\/\/magnesiumbodylotions.com\/spanish\/?s={search_term_string}"},"query-input":{"@type":"PropertyValueSpecification","valueRequired":true,"valueName":"search_term_string"}}],"inLanguage":"en-US"},{"@type":"Organization","@id":"https:\/\/magnesiumbodylotions.com\/spanish\/#organization","name":"Crema Corporal de Magnesio - D\u2019Fravela","url":"https:\/\/magnesiumbodylotions.com\/spanish\/","logo":{"@type":"ImageObject","inLanguage":"en-US","@id":"https:\/\/magnesiumbodylotions.com\/spanish\/#\/schema\/logo\/image\/","url":"https:\/\/magnesiumbodylotions.com\/spanish\/wp-content\/uploads\/2024\/09\/Shay-Co-logo-on-white-with-dark-variations-1ax.png","contentUrl":"https:\/\/magnesiumbodylotions.com\/spanish\/wp-content\/uploads\/2024\/09\/Shay-Co-logo-on-white-with-dark-variations-1ax.png","width":198,"height":116,"caption":"Crema Corporal de Magnesio - D\u2019Fravela"},"image":{"@id":"https:\/\/magnesiumbodylotions.com\/spanish\/#\/schema\/logo\/image\/"}}]}},"_links":{"self":[{"href":"https:\/\/magnesiumbodylotions.com\/spanish\/wp-json\/wp\/v2\/product\/27454","targetHints":{"allow":["GET"]}}],"collection":[{"href":"https:\/\/magnesiumbodylotions.com\/spanish\/wp-json\/wp\/v2\/product"}],"about":[{"href":"https:\/\/magnesiumbodylotions.com\/spanish\/wp-json\/wp\/v2\/types\/product"}],"replies":[{"embeddable":true,"href":"https:\/\/magnesiumbodylotions.com\/spanish\/wp-json\/wp\/v2\/comments?post=27454"}],"wp:featuredmedia":[{"embeddable":true,"href":"https:\/\/magnesiumbodylotions.com\/spanish\/wp-json\/wp\/v2\/media\/27451"}],"wp:attachment":[{"href":"https:\/\/magnesiumbodylotions.com\/spanish\/wp-json\/wp\/v2\/media?parent=27454"}],"wp:term":[{"taxonomy":"product_cat","embeddable":true,"href":"https:\/\/magnesiumbodylotions.com\/spanish\/wp-json\/wp\/v2\/product_cat?post=27454"},{"taxonomy":"product_tag","embeddable":true,"href":"https:\/\/magnesiumbodylotions.com\/spanish\/wp-json\/wp\/v2\/product_tag?post=27454"}],"curies":[{"name":"wp","href":"https:\/\/api.w.org\/{rel}","templated":true}]}}